{"id":1909,"date":"2023-09-27T13:33:51","date_gmt":"2023-09-27T13:33:51","guid":{"rendered":"https:\/\/bestvision.it\/georeferenz-und-verkaufsanalyse\/"},"modified":"2024-01-07T20:08:44","modified_gmt":"2024-01-07T20:08:44","slug":"georeferenz-und-verkaufsanalyse","status":"publish","type":"page","link":"https:\/\/bestvision.it\/de\/georeferenz-und-verkaufsanalyse\/","title":{"rendered":"Georeferenz und Verkaufsanalyse"},"content":{"rendered":"\t\t<div data-elementor-type=\"wp-page\" data-elementor-id=\"1909\" class=\"elementor elementor-1909 elementor-474\">\n\t\t\t\t<div class=\"elementor-element elementor-element-3abc195 e-flex e-con-boxed e-con e-parent\" data-id=\"3abc195\" data-element_type=\"container\" data-e-type=\"container\" data-settings=\"{&quot;background_background&quot;:&quot;classic&quot;}\">\n\t\t\t\t\t<div class=\"e-con-inner\">\n\t\t\t\t<div class=\"elementor-element elementor-element-8b66e55 elementor-widget elementor-widget-heading\" data-id=\"8b66e55\" data-element_type=\"widget\" data-e-type=\"widget\" data-widget_type=\"heading.default\">\n\t\t\t\t<div class=\"elementor-widget-container\">\n\t\t\t\t\t<h2 class=\"elementor-heading-title elementor-size-default\">Georeferenz und Verkaufsanalyse<\/h2>\t\t\t\t<\/div>\n\t\t\t\t<\/div>\n\t\t\t\t\t<\/div>\n\t\t\t\t<\/div>\n\t\t<div class=\"elementor-element elementor-element-f509e59 e-flex e-con-boxed e-con e-parent\" data-id=\"f509e59\" data-element_type=\"container\" data-e-type=\"container\">\n\t\t\t\t\t<div class=\"e-con-inner\">\n\t\t<div class=\"elementor-element elementor-element-d9b533e e-con-full e-flex elementor-invisible e-con e-child\" data-id=\"d9b533e\" data-element_type=\"container\" data-e-type=\"container\" data-settings=\"{&quot;animation&quot;:&quot;fadeIn&quot;}\">\n\t\t\t\t<div class=\"elementor-element elementor-element-c8896d8 elementor-widget elementor-widget-text-editor\" data-id=\"c8896d8\" data-element_type=\"widget\" data-e-type=\"widget\" data-widget_type=\"text-editor.default\">\n\t\t\t\t<div class=\"elementor-widget-container\">\n\t\t\t\t\t\t\t\t\t<p>Die wichtigsten Merkmale dieser L\u00f6sung sind:<\/p>\n\t\t\t\t\t\t\t\t<\/div>\n\t\t\t\t<\/div>\n\t\t\t\t<div class=\"elementor-element elementor-element-d32d0df elementor-icon-list--layout-traditional elementor-list-item-link-full_width elementor-invisible elementor-widget elementor-widget-icon-list\" data-id=\"d32d0df\" data-element_type=\"widget\" data-e-type=\"widget\" data-settings=\"{&quot;_animation&quot;:&quot;fadeIn&quot;,&quot;_animation_delay&quot;:800}\" data-widget_type=\"icon-list.default\">\n\t\t\t\t<div class=\"elementor-widget-container\">\n\t\t\t\t\t\t\t<ul class=\"elementor-icon-list-items\">\n\t\t\t\t\t\t\t<li class=\"elementor-icon-list-item\">\n\t\t\t\t\t\t\t\t\t\t\t<span class=\"elementor-icon-list-icon\">\n\t\t\t\t\t\t\t<svg xmlns=\"http:\/\/www.w3.org\/2000\/svg\" xmlns:xlink=\"http:\/\/www.w3.org\/1999\/xlink\" id=\"Capa_1\" x=\"0px\" y=\"0px\" viewBox=\"0 0 512 512\" style=\"enable-background:new 0 0 512 512;\" xml:space=\"preserve\"><g>\t<g>\t\t<path d=\"M497.36,69.995c-7.532-7.545-19.753-7.558-27.285-0.032L238.582,300.845l-83.522-90.713   c-7.217-7.834-19.419-8.342-27.266-1.126c-7.841,7.217-8.343,19.425-1.126,27.266l97.126,105.481   c3.557,3.866,8.535,6.111,13.784,6.22c0.141,0.006,0.277,0.006,0.412,0.006c5.101,0,10.008-2.026,13.623-5.628L497.322,97.286   C504.873,89.761,504.886,77.54,497.36,69.995z\"><\/path>\t<\/g><\/g><g>\t<g>\t\t<path d=\"M492.703,236.703c-10.658,0-19.296,8.638-19.296,19.297c0,119.883-97.524,217.407-217.407,217.407   c-119.876,0-217.407-97.524-217.407-217.407c0-119.876,97.531-217.407,217.407-217.407c10.658,0,19.297-8.638,19.297-19.296   C275.297,8.638,266.658,0,256,0C114.84,0,0,114.84,0,256c0,141.154,114.84,256,256,256c141.154,0,256-114.846,256-256   C512,245.342,503.362,236.703,492.703,236.703z\"><\/path>\t<\/g><\/g><g><\/g><g><\/g><g><\/g><g><\/g><g><\/g><g><\/g><g><\/g><g><\/g><g><\/g><g><\/g><g><\/g><g><\/g><g><\/g><g><\/g><g><\/g><\/svg>\t\t\t\t\t\t<\/span>\n\t\t\t\t\t\t\t\t\t\t<span class=\"elementor-icon-list-text\">Entwicklung von zeit- und entfernungsoptimierten Routen unter Ber\u00fccksichtigung bestehender Vorgaben (vorgegebene Besuchszeiten, Zwischenetappen, etc.)<\/span>\n\t\t\t\t\t\t\t\t\t<\/li>\n\t\t\t\t\t\t\t\t<li class=\"elementor-icon-list-item\">\n\t\t\t\t\t\t\t\t\t\t\t<span class=\"elementor-icon-list-icon\">\n\t\t\t\t\t\t\t<svg xmlns=\"http:\/\/www.w3.org\/2000\/svg\" xmlns:xlink=\"http:\/\/www.w3.org\/1999\/xlink\" id=\"Capa_1\" x=\"0px\" y=\"0px\" viewBox=\"0 0 512 512\" style=\"enable-background:new 0 0 512 512;\" xml:space=\"preserve\"><g>\t<g>\t\t<path d=\"M497.36,69.995c-7.532-7.545-19.753-7.558-27.285-0.032L238.582,300.845l-83.522-90.713   c-7.217-7.834-19.419-8.342-27.266-1.126c-7.841,7.217-8.343,19.425-1.126,27.266l97.126,105.481   c3.557,3.866,8.535,6.111,13.784,6.22c0.141,0.006,0.277,0.006,0.412,0.006c5.101,0,10.008-2.026,13.623-5.628L497.322,97.286   C504.873,89.761,504.886,77.54,497.36,69.995z\"><\/path>\t<\/g><\/g><g>\t<g>\t\t<path d=\"M492.703,236.703c-10.658,0-19.296,8.638-19.296,19.297c0,119.883-97.524,217.407-217.407,217.407   c-119.876,0-217.407-97.524-217.407-217.407c0-119.876,97.531-217.407,217.407-217.407c10.658,0,19.297-8.638,19.297-19.296   C275.297,8.638,266.658,0,256,0C114.84,0,0,114.84,0,256c0,141.154,114.84,256,256,256c141.154,0,256-114.846,256-256   C512,245.342,503.362,236.703,492.703,236.703z\"><\/path>\t<\/g><\/g><g><\/g><g><\/g><g><\/g><g><\/g><g><\/g><g><\/g><g><\/g><g><\/g><g><\/g><g><\/g><g><\/g><g><\/g><g><\/g><g><\/g><g><\/g><\/svg>\t\t\t\t\t\t<\/span>\n\t\t\t\t\t\t\t\t\t\t<span class=\"elementor-icon-list-text\">Analyse der Abweichungen im Vergleich zu den tats\u00e4chlich zur\u00fcckgelegten Kilometern, die anhand der Messungen der GPS-Ger\u00e4te in den Fahrzeugen berechnet werden<\/span>\n\t\t\t\t\t\t\t\t\t<\/li>\n\t\t\t\t\t\t\t\t<li class=\"elementor-icon-list-item\">\n\t\t\t\t\t\t\t\t\t\t\t<span class=\"elementor-icon-list-icon\">\n\t\t\t\t\t\t\t<svg xmlns=\"http:\/\/www.w3.org\/2000\/svg\" xmlns:xlink=\"http:\/\/www.w3.org\/1999\/xlink\" id=\"Capa_1\" x=\"0px\" y=\"0px\" viewBox=\"0 0 512 512\" style=\"enable-background:new 0 0 512 512;\" xml:space=\"preserve\"><g>\t<g>\t\t<path d=\"M497.36,69.995c-7.532-7.545-19.753-7.558-27.285-0.032L238.582,300.845l-83.522-90.713   c-7.217-7.834-19.419-8.342-27.266-1.126c-7.841,7.217-8.343,19.425-1.126,27.266l97.126,105.481   c3.557,3.866,8.535,6.111,13.784,6.22c0.141,0.006,0.277,0.006,0.412,0.006c5.101,0,10.008-2.026,13.623-5.628L497.322,97.286   C504.873,89.761,504.886,77.54,497.36,69.995z\"><\/path>\t<\/g><\/g><g>\t<g>\t\t<path d=\"M492.703,236.703c-10.658,0-19.296,8.638-19.296,19.297c0,119.883-97.524,217.407-217.407,217.407   c-119.876,0-217.407-97.524-217.407-217.407c0-119.876,97.531-217.407,217.407-217.407c10.658,0,19.297-8.638,19.297-19.296   C275.297,8.638,266.658,0,256,0C114.84,0,0,114.84,0,256c0,141.154,114.84,256,256,256c141.154,0,256-114.846,256-256   C512,245.342,503.362,236.703,492.703,236.703z\"><\/path>\t<\/g><\/g><g><\/g><g><\/g><g><\/g><g><\/g><g><\/g><g><\/g><g><\/g><g><\/g><g><\/g><g><\/g><g><\/g><g><\/g><g><\/g><g><\/g><g><\/g><\/svg>\t\t\t\t\t\t<\/span>\n\t\t\t\t\t\t\t\t\t\t<span class=\"elementor-icon-list-text\">Anzeige der geplanten und abgeschlossenen Routen auf einer geografischen Karte<\/span>\n\t\t\t\t\t\t\t\t\t<\/li>\n\t\t\t\t\t\t\t\t<li class=\"elementor-icon-list-item\">\n\t\t\t\t\t\t\t\t\t\t\t<span class=\"elementor-icon-list-icon\">\n\t\t\t\t\t\t\t<svg xmlns=\"http:\/\/www.w3.org\/2000\/svg\" xmlns:xlink=\"http:\/\/www.w3.org\/1999\/xlink\" id=\"Capa_1\" x=\"0px\" y=\"0px\" viewBox=\"0 0 512 512\" style=\"enable-background:new 0 0 512 512;\" xml:space=\"preserve\"><g>\t<g>\t\t<path d=\"M497.36,69.995c-7.532-7.545-19.753-7.558-27.285-0.032L238.582,300.845l-83.522-90.713   c-7.217-7.834-19.419-8.342-27.266-1.126c-7.841,7.217-8.343,19.425-1.126,27.266l97.126,105.481   c3.557,3.866,8.535,6.111,13.784,6.22c0.141,0.006,0.277,0.006,0.412,0.006c5.101,0,10.008-2.026,13.623-5.628L497.322,97.286   C504.873,89.761,504.886,77.54,497.36,69.995z\"><\/path>\t<\/g><\/g><g>\t<g>\t\t<path d=\"M492.703,236.703c-10.658,0-19.296,8.638-19.296,19.297c0,119.883-97.524,217.407-217.407,217.407   c-119.876,0-217.407-97.524-217.407-217.407c0-119.876,97.531-217.407,217.407-217.407c10.658,0,19.297-8.638,19.297-19.296   C275.297,8.638,266.658,0,256,0C114.84,0,0,114.84,0,256c0,141.154,114.84,256,256,256c141.154,0,256-114.846,256-256   C512,245.342,503.362,236.703,492.703,236.703z\"><\/path>\t<\/g><\/g><g><\/g><g><\/g><g><\/g><g><\/g><g><\/g><g><\/g><g><\/g><g><\/g><g><\/g><g><\/g><g><\/g><g><\/g><g><\/g><g><\/g><g><\/g><\/svg>\t\t\t\t\t\t<\/span>\n\t\t\t\t\t\t\t\t\t\t<span class=\"elementor-icon-list-text\">Direkte Integration mit den internen Managementsystemen des Unternehmens<\/span>\n\t\t\t\t\t\t\t\t\t<\/li>\n\t\t\t\t\t\t<\/ul>\n\t\t\t\t\t\t<\/div>\n\t\t\t\t<\/div>\n\t\t\t\t<\/div>\n\t\t<div class=\"elementor-element elementor-element-ca78a9c e-con-full e-flex elementor-invisible e-con e-child\" data-id=\"ca78a9c\" data-element_type=\"container\" data-e-type=\"container\" data-settings=\"{&quot;animation&quot;:&quot;fadeIn&quot;,&quot;animation_delay&quot;:200}\">\n\t\t\t\t<div class=\"elementor-element elementor-element-fb59d9d elementor-invisible elementor-widget elementor-widget-image\" data-id=\"fb59d9d\" data-element_type=\"widget\" data-e-type=\"widget\" data-settings=\"{&quot;_animation&quot;:&quot;fadeIn&quot;,&quot;_animation_delay&quot;:0}\" data-widget_type=\"image.default\">\n\t\t\t\t<div class=\"elementor-widget-container\">\n\t\t\t\t\t\t\t\t\t\t\t\t\t\t\t<img fetchpriority=\"high\" decoding=\"async\" width=\"640\" height=\"320\" src=\"https:\/\/bestvision.it\/wp-content\/uploads\/2023\/09\/gps-tracker-map-navigation-pins-map-navigation-technology-mapping-capital-road-jpg.webp\" class=\"attachment-large size-large wp-image-1389\" alt=\"\" \/>\t\t\t\t\t\t\t\t\t\t\t\t\t\t\t<\/div>\n\t\t\t\t<\/div>\n\t\t\t\t<\/div>\n\t\t\t\t\t<\/div>\n\t\t\t\t<\/div>\n\t\t<div class=\"elementor-element elementor-element-53eef22 e-flex e-con-boxed e-con e-parent\" data-id=\"53eef22\" data-element_type=\"container\" data-e-type=\"container\" data-settings=\"{&quot;background_background&quot;:&quot;classic&quot;,&quot;shape_divider_bottom&quot;:&quot;mountains&quot;}\">\n\t\t\t\t\t<div class=\"e-con-inner\">\n\t\t\t\t<div class=\"elementor-shape elementor-shape-bottom\" aria-hidden=\"true\" data-negative=\"false\">\n\t\t\t<svg xmlns=\"http:\/\/www.w3.org\/2000\/svg\" viewBox=\"0 0 1000 100\" preserveAspectRatio=\"none\">\n\t<path class=\"elementor-shape-fill\" opacity=\"0.33\" d=\"M473,67.3c-203.9,88.3-263.1-34-320.3,0C66,119.1,0,59.7,0,59.7V0h1000v59.7 c0,0-62.1,26.1-94.9,29.3c-32.8,3.3-62.8-12.3-75.8-22.1C806,49.6,745.3,8.7,694.9,4.7S492.4,59,473,67.3z\"\/>\n\t<path class=\"elementor-shape-fill\" opacity=\"0.66\" d=\"M734,67.3c-45.5,0-77.2-23.2-129.1-39.1c-28.6-8.7-150.3-10.1-254,39.1 s-91.7-34.4-149.2,0C115.7,118.3,0,39.8,0,39.8V0h1000v36.5c0,0-28.2-18.5-92.1-18.5C810.2,18.1,775.7,67.3,734,67.3z\"\/>\n\t<path class=\"elementor-shape-fill\" d=\"M766.1,28.9c-200-57.5-266,65.5-395.1,19.5C242,1.8,242,5.4,184.8,20.6C128,35.8,132.3,44.9,89.9,52.5C28.6,63.7,0,0,0,0 h1000c0,0-9.9,40.9-83.6,48.1S829.6,47,766.1,28.9z\"\/>\n<\/svg>\t\t<\/div>\n\t\t<div class=\"elementor-element elementor-element-c96b06b e-con-full e-flex elementor-invisible e-con e-child\" data-id=\"c96b06b\" data-element_type=\"container\" data-e-type=\"container\" data-settings=\"{&quot;animation&quot;:&quot;fadeIn&quot;}\">\n\t\t\t\t<div class=\"elementor-element elementor-element-44f4392 elementor-invisible elementor-widget elementor-widget-image\" data-id=\"44f4392\" data-element_type=\"widget\" data-e-type=\"widget\" data-settings=\"{&quot;_animation&quot;:&quot;fadeIn&quot;,&quot;_animation_delay&quot;:0}\" data-widget_type=\"image.default\">\n\t\t\t\t<div class=\"elementor-widget-container\">\n\t\t\t\t\t\t\t\t\t\t\t\t\t\t\t<img decoding=\"async\" width=\"640\" height=\"320\" src=\"https:\/\/bestvision.it\/wp-content\/uploads\/2023\/09\/satellite-transmits-signal-earth-jpg.webp\" class=\"attachment-large size-large wp-image-1382\" alt=\"\" \/>\t\t\t\t\t\t\t\t\t\t\t\t\t\t\t<\/div>\n\t\t\t\t<\/div>\n\t\t\t\t<\/div>\n\t\t<div class=\"elementor-element elementor-element-a785f67 e-con-full e-flex elementor-invisible e-con e-child\" data-id=\"a785f67\" data-element_type=\"container\" data-e-type=\"container\" data-settings=\"{&quot;animation&quot;:&quot;fadeIn&quot;,&quot;animation_delay&quot;:200}\">\n\t\t\t\t<div class=\"elementor-element elementor-element-a14c4a4 elementor-widget elementor-widget-text-editor\" data-id=\"a14c4a4\" data-element_type=\"widget\" data-e-type=\"widget\" data-widget_type=\"text-editor.default\">\n\t\t\t\t<div class=\"elementor-widget-container\">\n\t\t\t\t\t\t\t\t\t<p>Geografische Visualisierung des Betriebsszenarios und der Kunden des Unternehmens.<\/p>\n<p>Einsatz der Satellitentechnologie zur Analyse der vermuteten und tats\u00e4chlichen Entfernungen in Bezug auf die in dem Gebiet ausge\u00fcbte T\u00e4tigkeit (Abholung, Lieferung, Hilfeleistung).<\/p>\n<p>P\u00fcnktlicher Zusammenhang zwischen dem Ort der Handlung und dem von der Handlung betroffenen Objekt selbst.<\/p>\n<p>Hoher Spielraum f\u00fcr die Verbesserung und Optimierung der Routen, um die Effizienz zu maximieren und die Kosten zu senken.<\/p>\n\t\t\t\t\t\t\t\t<\/div>\n\t\t\t\t<\/div>\n\t\t\t\t<\/div>\n\t\t\t\t\t<\/div>\n\t\t\t\t<\/div>\n\t\t<div class=\"elementor-element elementor-element-3798d9f e-flex e-con-boxed e-con e-parent\" data-id=\"3798d9f\" data-element_type=\"container\" data-e-type=\"container\" data-settings=\"{&quot;shape_divider_bottom&quot;:&quot;mountains&quot;}\">\n\t\t\t\t\t<div class=\"e-con-inner\">\n\t\t\t\t<div class=\"elementor-shape elementor-shape-bottom\" aria-hidden=\"true\" data-negative=\"false\">\n\t\t\t<svg xmlns=\"http:\/\/www.w3.org\/2000\/svg\" viewBox=\"0 0 1000 100\" preserveAspectRatio=\"none\">\n\t<path class=\"elementor-shape-fill\" opacity=\"0.33\" d=\"M473,67.3c-203.9,88.3-263.1-34-320.3,0C66,119.1,0,59.7,0,59.7V0h1000v59.7 c0,0-62.1,26.1-94.9,29.3c-32.8,3.3-62.8-12.3-75.8-22.1C806,49.6,745.3,8.7,694.9,4.7S492.4,59,473,67.3z\"\/>\n\t<path class=\"elementor-shape-fill\" opacity=\"0.66\" d=\"M734,67.3c-45.5,0-77.2-23.2-129.1-39.1c-28.6-8.7-150.3-10.1-254,39.1 s-91.7-34.4-149.2,0C115.7,118.3,0,39.8,0,39.8V0h1000v36.5c0,0-28.2-18.5-92.1-18.5C810.2,18.1,775.7,67.3,734,67.3z\"\/>\n\t<path class=\"elementor-shape-fill\" d=\"M766.1,28.9c-200-57.5-266,65.5-395.1,19.5C242,1.8,242,5.4,184.8,20.6C128,35.8,132.3,44.9,89.9,52.5C28.6,63.7,0,0,0,0 h1000c0,0-9.9,40.9-83.6,48.1S829.6,47,766.1,28.9z\"\/>\n<\/svg>\t\t<\/div>\n\t\t<div class=\"elementor-element elementor-element-a7378c7 e-con-full e-flex e-con e-child\" data-id=\"a7378c7\" data-element_type=\"container\" data-e-type=\"container\">\n\t\t\t\t<div class=\"elementor-element elementor-element-998b881 elementor-align-center elementor-mobile-align-center elementor-widget__width-inherit elementor-invisible elementor-widget elementor-widget-button\" data-id=\"998b881\" data-element_type=\"widget\" data-e-type=\"widget\" data-settings=\"{&quot;_animation&quot;:&quot;fadeInRight&quot;}\" data-widget_type=\"button.default\">\n\t\t\t\t<div class=\"elementor-widget-container\">\n\t\t\t\t\t\t\t\t\t<div class=\"elementor-button-wrapper\">\n\t\t\t\t\t<a class=\"elementor-button elementor-button-link elementor-size-xs\" href=\"https:\/\/bestvision.it\/de\/kontakt\/\">\n\t\t\t\t\t\t<span class=\"elementor-button-content-wrapper\">\n\t\t\t\t\t\t\t\t\t<span class=\"elementor-button-text\">Kontakt aufnehmen<\/span>\n\t\t\t\t\t<\/span>\n\t\t\t\t\t<\/a>\n\t\t\t\t<\/div>\n\t\t\t\t\t\t\t\t<\/div>\n\t\t\t\t<\/div>\n\t\t\t\t<\/div>\n\t\t<div class=\"elementor-element elementor-element-c12fb7f e-con-full e-flex e-con e-child\" data-id=\"c12fb7f\" data-element_type=\"container\" data-e-type=\"container\">\n\t\t\t\t<div class=\"elementor-element elementor-element-8541bfb elementor-invisible elementor-widget elementor-widget-heading\" data-id=\"8541bfb\" data-element_type=\"widget\" data-e-type=\"widget\" data-settings=\"{&quot;_animation&quot;:&quot;fadeInLeft&quot;}\" data-widget_type=\"heading.default\">\n\t\t\t\t<div class=\"elementor-widget-container\">\n\t\t\t\t\t<h2 class=\"elementor-heading-title elementor-size-default\">Sind Sie an unseren Dienstleistungen und unserem Know-how interessiert?<\/h2>\t\t\t\t<\/div>\n\t\t\t\t<\/div>\n\t\t\t\t<\/div>\n\t\t\t\t\t<\/div>\n\t\t\t\t<\/div>\n\t\t\t\t<\/div>\n\t\t","protected":false},"excerpt":{"rendered":"<p>Georeferenz und Verkaufsanalyse Die wichtigsten Merkmale dieser L\u00f6sung sind: Entwicklung von zeit- und entfernungsoptimierten Routen unter Ber\u00fccksichtigung bestehender Vorgaben (vorgegebene Besuchszeiten, Zwischenetappen, etc.) Analyse der Abweichungen im Vergleich zu den tats\u00e4chlich zur\u00fcckgelegten Kilometern, die anhand der Messungen der GPS-Ger\u00e4te in den Fahrzeugen berechnet werden Anzeige der geplanten und abgeschlossenen Routen auf einer geografischen Karte Direkte [&hellip;]<\/p>\n","protected":false},"author":1,"featured_media":0,"parent":0,"menu_order":0,"comment_status":"closed","ping_status":"closed","template":"","meta":{"footnotes":""},"class_list":["post-1909","page","type-page","status-publish","hentry"],"yoast_head":"<!-- This site is optimized with the Yoast SEO plugin v27.6 - https:\/\/yoast.com\/product\/yoast-seo-wordpress\/ -->\n<title>Georeferenz und Verkaufsanalyse - Bestvision Italia<\/title>\n<meta name=\"robots\" content=\"index, follow, max-snippet:-1, max-image-preview:large, max-video-preview:-1\" \/>\n<link rel=\"canonical\" href=\"https:\/\/bestvision.it\/de\/georeferenz-und-verkaufsanalyse\/\" \/>\n<meta property=\"og:locale\" content=\"de_DE\" \/>\n<meta property=\"og:type\" content=\"article\" \/>\n<meta property=\"og:title\" content=\"Georeferenz und Verkaufsanalyse - Bestvision Italia\" \/>\n<meta property=\"og:description\" content=\"Georeferenz und Verkaufsanalyse Die wichtigsten Merkmale dieser L\u00f6sung sind: Entwicklung von zeit- und entfernungsoptimierten Routen unter Ber\u00fccksichtigung bestehender Vorgaben (vorgegebene Besuchszeiten, Zwischenetappen, etc.) Analyse der Abweichungen im Vergleich zu den tats\u00e4chlich zur\u00fcckgelegten Kilometern, die anhand der Messungen der GPS-Ger\u00e4te in den Fahrzeugen berechnet werden Anzeige der geplanten und abgeschlossenen Routen auf einer geografischen Karte Direkte [&hellip;]\" \/>\n<meta property=\"og:url\" content=\"https:\/\/bestvision.it\/de\/georeferenz-und-verkaufsanalyse\/\" \/>\n<meta property=\"og:site_name\" content=\"Bestvision Italia\" \/>\n<meta property=\"article:modified_time\" content=\"2024-01-07T20:08:44+00:00\" \/>\n<meta property=\"og:image\" content=\"https:\/\/bestvision.it\/wp-content\/uploads\/2023\/09\/gps-tracker-map-navigation-pins-map-navigation-technology-mapping-capital-road-jpg.webp\" \/>\n<meta name=\"twitter:card\" content=\"summary_large_image\" \/>\n<meta name=\"twitter:label1\" content=\"Gesch\u00e4tzte Lesezeit\" \/>\n\t<meta name=\"twitter:data1\" content=\"1\u00a0Minute\" \/>\n<script type=\"application\/ld+json\" class=\"yoast-schema-graph\">{\"@context\":\"https:\\\/\\\/schema.org\",\"@graph\":[{\"@type\":\"WebPage\",\"@id\":\"https:\\\/\\\/bestvision.it\\\/de\\\/georeferenz-und-verkaufsanalyse\\\/\",\"url\":\"https:\\\/\\\/bestvision.it\\\/de\\\/georeferenz-und-verkaufsanalyse\\\/\",\"name\":\"Georeferenz und Verkaufsanalyse - Bestvision Italia\",\"isPartOf\":{\"@id\":\"https:\\\/\\\/bestvision.it\\\/de\\\/#website\"},\"primaryImageOfPage\":{\"@id\":\"https:\\\/\\\/bestvision.it\\\/de\\\/georeferenz-und-verkaufsanalyse\\\/#primaryimage\"},\"image\":{\"@id\":\"https:\\\/\\\/bestvision.it\\\/de\\\/georeferenz-und-verkaufsanalyse\\\/#primaryimage\"},\"thumbnailUrl\":\"https:\\\/\\\/bestvision.it\\\/wp-content\\\/uploads\\\/2023\\\/09\\\/gps-tracker-map-navigation-pins-map-navigation-technology-mapping-capital-road-jpg.webp\",\"datePublished\":\"2023-09-27T13:33:51+00:00\",\"dateModified\":\"2024-01-07T20:08:44+00:00\",\"breadcrumb\":{\"@id\":\"https:\\\/\\\/bestvision.it\\\/de\\\/georeferenz-und-verkaufsanalyse\\\/#breadcrumb\"},\"inLanguage\":\"de\",\"potentialAction\":[{\"@type\":\"ReadAction\",\"target\":[\"https:\\\/\\\/bestvision.it\\\/de\\\/georeferenz-und-verkaufsanalyse\\\/\"]}]},{\"@type\":\"ImageObject\",\"inLanguage\":\"de\",\"@id\":\"https:\\\/\\\/bestvision.it\\\/de\\\/georeferenz-und-verkaufsanalyse\\\/#primaryimage\",\"url\":\"https:\\\/\\\/bestvision.it\\\/wp-content\\\/uploads\\\/2023\\\/09\\\/gps-tracker-map-navigation-pins-map-navigation-technology-mapping-capital-road-jpg.webp\",\"contentUrl\":\"https:\\\/\\\/bestvision.it\\\/wp-content\\\/uploads\\\/2023\\\/09\\\/gps-tracker-map-navigation-pins-map-navigation-technology-mapping-capital-road-jpg.webp\"},{\"@type\":\"BreadcrumbList\",\"@id\":\"https:\\\/\\\/bestvision.it\\\/de\\\/georeferenz-und-verkaufsanalyse\\\/#breadcrumb\",\"itemListElement\":[{\"@type\":\"ListItem\",\"position\":1,\"name\":\"Home\",\"item\":\"https:\\\/\\\/bestvision.it\\\/de\\\/\"},{\"@type\":\"ListItem\",\"position\":2,\"name\":\"Georeferenz und Verkaufsanalyse\"}]},{\"@type\":\"WebSite\",\"@id\":\"https:\\\/\\\/bestvision.it\\\/de\\\/#website\",\"url\":\"https:\\\/\\\/bestvision.it\\\/de\\\/\",\"name\":\"Bestvision Italia\",\"description\":\"Leader in Innovation and Excellence in Industry and Manufacturing in Italy\",\"publisher\":{\"@id\":\"https:\\\/\\\/bestvision.it\\\/de\\\/#organization\"},\"potentialAction\":[{\"@type\":\"SearchAction\",\"target\":{\"@type\":\"EntryPoint\",\"urlTemplate\":\"https:\\\/\\\/bestvision.it\\\/de\\\/?s={search_term_string}\"},\"query-input\":{\"@type\":\"PropertyValueSpecification\",\"valueRequired\":true,\"valueName\":\"search_term_string\"}}],\"inLanguage\":\"de\"},{\"@type\":\"Organization\",\"@id\":\"https:\\\/\\\/bestvision.it\\\/de\\\/#organization\",\"name\":\"Bestvision Italia\",\"url\":\"https:\\\/\\\/bestvision.it\\\/de\\\/\",\"logo\":{\"@type\":\"ImageObject\",\"inLanguage\":\"de\",\"@id\":\"https:\\\/\\\/bestvision.it\\\/de\\\/#\\\/schema\\\/logo\\\/image\\\/\",\"url\":\"https:\\\/\\\/bestvision.it\\\/wp-content\\\/uploads\\\/2023\\\/09\\\/cropped-logo-hd-1.png\",\"contentUrl\":\"https:\\\/\\\/bestvision.it\\\/wp-content\\\/uploads\\\/2023\\\/09\\\/cropped-logo-hd-1.png\",\"width\":568,\"height\":562,\"caption\":\"Bestvision Italia\"},\"image\":{\"@id\":\"https:\\\/\\\/bestvision.it\\\/de\\\/#\\\/schema\\\/logo\\\/image\\\/\"}}]}<\/script>\n<!-- \/ Yoast SEO plugin. -->","yoast_head_json":{"title":"Georeferenz und Verkaufsanalyse - Bestvision Italia","robots":{"index":"index","follow":"follow","max-snippet":"max-snippet:-1","max-image-preview":"max-image-preview:large","max-video-preview":"max-video-preview:-1"},"canonical":"https:\/\/bestvision.it\/de\/georeferenz-und-verkaufsanalyse\/","og_locale":"de_DE","og_type":"article","og_title":"Georeferenz und Verkaufsanalyse - Bestvision Italia","og_description":"Georeferenz und Verkaufsanalyse Die wichtigsten Merkmale dieser L\u00f6sung sind: Entwicklung von zeit- und entfernungsoptimierten Routen unter Ber\u00fccksichtigung bestehender Vorgaben (vorgegebene Besuchszeiten, Zwischenetappen, etc.) Analyse der Abweichungen im Vergleich zu den tats\u00e4chlich zur\u00fcckgelegten Kilometern, die anhand der Messungen der GPS-Ger\u00e4te in den Fahrzeugen berechnet werden Anzeige der geplanten und abgeschlossenen Routen auf einer geografischen Karte Direkte [&hellip;]","og_url":"https:\/\/bestvision.it\/de\/georeferenz-und-verkaufsanalyse\/","og_site_name":"Bestvision Italia","article_modified_time":"2024-01-07T20:08:44+00:00","og_image":[{"url":"https:\/\/bestvision.it\/wp-content\/uploads\/2023\/09\/gps-tracker-map-navigation-pins-map-navigation-technology-mapping-capital-road-jpg.webp","type":"","width":"","height":""}],"twitter_card":"summary_large_image","twitter_misc":{"Gesch\u00e4tzte Lesezeit":"1\u00a0Minute"},"schema":{"@context":"https:\/\/schema.org","@graph":[{"@type":"WebPage","@id":"https:\/\/bestvision.it\/de\/georeferenz-und-verkaufsanalyse\/","url":"https:\/\/bestvision.it\/de\/georeferenz-und-verkaufsanalyse\/","name":"Georeferenz und Verkaufsanalyse - Bestvision Italia","isPartOf":{"@id":"https:\/\/bestvision.it\/de\/#website"},"primaryImageOfPage":{"@id":"https:\/\/bestvision.it\/de\/georeferenz-und-verkaufsanalyse\/#primaryimage"},"image":{"@id":"https:\/\/bestvision.it\/de\/georeferenz-und-verkaufsanalyse\/#primaryimage"},"thumbnailUrl":"https:\/\/bestvision.it\/wp-content\/uploads\/2023\/09\/gps-tracker-map-navigation-pins-map-navigation-technology-mapping-capital-road-jpg.webp","datePublished":"2023-09-27T13:33:51+00:00","dateModified":"2024-01-07T20:08:44+00:00","breadcrumb":{"@id":"https:\/\/bestvision.it\/de\/georeferenz-und-verkaufsanalyse\/#breadcrumb"},"inLanguage":"de","potentialAction":[{"@type":"ReadAction","target":["https:\/\/bestvision.it\/de\/georeferenz-und-verkaufsanalyse\/"]}]},{"@type":"ImageObject","inLanguage":"de","@id":"https:\/\/bestvision.it\/de\/georeferenz-und-verkaufsanalyse\/#primaryimage","url":"https:\/\/bestvision.it\/wp-content\/uploads\/2023\/09\/gps-tracker-map-navigation-pins-map-navigation-technology-mapping-capital-road-jpg.webp","contentUrl":"https:\/\/bestvision.it\/wp-content\/uploads\/2023\/09\/gps-tracker-map-navigation-pins-map-navigation-technology-mapping-capital-road-jpg.webp"},{"@type":"BreadcrumbList","@id":"https:\/\/bestvision.it\/de\/georeferenz-und-verkaufsanalyse\/#breadcrumb","itemListElement":[{"@type":"ListItem","position":1,"name":"Home","item":"https:\/\/bestvision.it\/de\/"},{"@type":"ListItem","position":2,"name":"Georeferenz und Verkaufsanalyse"}]},{"@type":"WebSite","@id":"https:\/\/bestvision.it\/de\/#website","url":"https:\/\/bestvision.it\/de\/","name":"Bestvision Italia","description":"Leader in Innovation and Excellence in Industry and Manufacturing in Italy","publisher":{"@id":"https:\/\/bestvision.it\/de\/#organization"},"potentialAction":[{"@type":"SearchAction","target":{"@type":"EntryPoint","urlTemplate":"https:\/\/bestvision.it\/de\/?s={search_term_string}"},"query-input":{"@type":"PropertyValueSpecification","valueRequired":true,"valueName":"search_term_string"}}],"inLanguage":"de"},{"@type":"Organization","@id":"https:\/\/bestvision.it\/de\/#organization","name":"Bestvision Italia","url":"https:\/\/bestvision.it\/de\/","logo":{"@type":"ImageObject","inLanguage":"de","@id":"https:\/\/bestvision.it\/de\/#\/schema\/logo\/image\/","url":"https:\/\/bestvision.it\/wp-content\/uploads\/2023\/09\/cropped-logo-hd-1.png","contentUrl":"https:\/\/bestvision.it\/wp-content\/uploads\/2023\/09\/cropped-logo-hd-1.png","width":568,"height":562,"caption":"Bestvision Italia"},"image":{"@id":"https:\/\/bestvision.it\/de\/#\/schema\/logo\/image\/"}}]}},"_links":{"self":[{"href":"https:\/\/bestvision.it\/de\/wp-json\/wp\/v2\/pages\/1909","targetHints":{"allow":["GET"]}}],"collection":[{"href":"https:\/\/bestvision.it\/de\/wp-json\/wp\/v2\/pages"}],"about":[{"href":"https:\/\/bestvision.it\/de\/wp-json\/wp\/v2\/types\/page"}],"author":[{"embeddable":true,"href":"https:\/\/bestvision.it\/de\/wp-json\/wp\/v2\/users\/1"}],"replies":[{"embeddable":true,"href":"https:\/\/bestvision.it\/de\/wp-json\/wp\/v2\/comments?post=1909"}],"version-history":[{"count":2,"href":"https:\/\/bestvision.it\/de\/wp-json\/wp\/v2\/pages\/1909\/revisions"}],"predecessor-version":[{"id":2378,"href":"https:\/\/bestvision.it\/de\/wp-json\/wp\/v2\/pages\/1909\/revisions\/2378"}],"wp:attachment":[{"href":"https:\/\/bestvision.it\/de\/wp-json\/wp\/v2\/media?parent=1909"}],"curies":[{"name":"wp","href":"https:\/\/api.w.org\/{rel}","templated":true}]}}