{"id":1975,"date":"2023-09-27T13:34:43","date_gmt":"2023-09-27T13:34:43","guid":{"rendered":"https:\/\/bestvision.it\/paginas-web\/"},"modified":"2024-01-07T20:10:09","modified_gmt":"2024-01-07T20:10:09","slug":"paginas-web","status":"publish","type":"page","link":"https:\/\/bestvision.it\/es\/paginas-web\/","title":{"rendered":"P\u00e1ginas web"},"content":{"rendered":"\t\t<div data-elementor-type=\"wp-page\" data-elementor-id=\"1975\" class=\"elementor elementor-1975 elementor-482\">\n\t\t\t\t<div class=\"elementor-element elementor-element-3b1328a e-flex e-con-boxed e-con e-parent\" data-id=\"3b1328a\" data-element_type=\"container\" data-e-type=\"container\" data-settings=\"{&quot;background_background&quot;:&quot;classic&quot;}\">\n\t\t\t\t\t<div class=\"e-con-inner\">\n\t\t\t\t<div class=\"elementor-element elementor-element-14470fe elementor-widget elementor-widget-heading\" data-id=\"14470fe\" data-element_type=\"widget\" data-e-type=\"widget\" data-widget_type=\"heading.default\">\n\t\t\t\t<div class=\"elementor-widget-container\">\n\t\t\t\t\t<h2 class=\"elementor-heading-title elementor-size-default\">P\u00e1ginas web<\/h2>\t\t\t\t<\/div>\n\t\t\t\t<\/div>\n\t\t\t\t\t<\/div>\n\t\t\t\t<\/div>\n\t\t<div class=\"elementor-element elementor-element-cbacee7 e-flex e-con-boxed e-con e-parent\" data-id=\"cbacee7\" data-element_type=\"container\" data-e-type=\"container\">\n\t\t\t\t\t<div class=\"e-con-inner\">\n\t\t<div class=\"elementor-element elementor-element-b15a626 e-con-full e-flex elementor-invisible e-con e-child\" data-id=\"b15a626\" data-element_type=\"container\" data-e-type=\"container\" data-settings=\"{&quot;animation&quot;:&quot;fadeIn&quot;}\">\n\t\t\t\t<div class=\"elementor-element elementor-element-ef7aad3 elementor-widget elementor-widget-text-editor\" data-id=\"ef7aad3\" data-element_type=\"widget\" data-e-type=\"widget\" data-widget_type=\"text-editor.default\">\n\t\t\t\t<div class=\"elementor-widget-container\">\n\t\t\t\t\t\t\t\t\t<p>Creamos sitios web profesionales din\u00e1micos y escalables con un dise\u00f1o atractivo e intuitivo.<\/p>\n<p>Los servicios est\u00e1n dirigidos a empresas que quieren promocionar su negocio a trav\u00e9s de la web, dar a conocer su marca, historia y contenidos empresariales.<\/p>\n<p>Dedicamos un gran cuidado al dise\u00f1o gr\u00e1fico y a la recopilaci\u00f3n de la informaci\u00f3n necesaria para identificar la actividad principal del cliente, partiendo de un an\u00e1lisis del tipo de empresa y del p\u00fablico objetivo al que se dirige para potenciar los puntos fuertes del negocio. Nuestros sitios se crean en modo responsive, de modo que las p\u00e1ginas se adaptan autom\u00e1ticamente a los dispositivos, para una visualizaci\u00f3n \u00f3ptima en funci\u00f3n del entorno en el que se visualizan.<\/p>\n<p>Los sitios ser\u00e1n visibles por cualquier persona y en cualquier dispositivo de forma optimizada en tablet, smartphone, port\u00e1til o sobremesa.<\/p>\n\t\t\t\t\t\t\t\t<\/div>\n\t\t\t\t<\/div>\n\t\t\t\t<\/div>\n\t\t<div class=\"elementor-element elementor-element-deb8014 e-con-full e-flex elementor-invisible e-con e-child\" data-id=\"deb8014\" data-element_type=\"container\" data-e-type=\"container\" data-settings=\"{&quot;animation&quot;:&quot;fadeIn&quot;,&quot;animation_delay&quot;:200}\">\n\t\t\t\t<div class=\"elementor-element elementor-element-e292e20 elementor-invisible elementor-widget elementor-widget-image\" data-id=\"e292e20\" data-element_type=\"widget\" data-e-type=\"widget\" data-settings=\"{&quot;_animation&quot;:&quot;fadeIn&quot;,&quot;_animation_delay&quot;:0}\" data-widget_type=\"image.default\">\n\t\t\t\t<div class=\"elementor-widget-container\">\n\t\t\t\t\t\t\t\t\t\t\t\t\t\t\t<img fetchpriority=\"high\" decoding=\"async\" width=\"640\" height=\"372\" src=\"https:\/\/bestvision.it\/wp-content\/uploads\/2023\/09\/devices-desktop-website-builder-screen-3d-rendering-jpg.webp\" class=\"attachment-large size-large wp-image-1506\" alt=\"\" \/>\t\t\t\t\t\t\t\t\t\t\t\t\t\t\t<\/div>\n\t\t\t\t<\/div>\n\t\t\t\t<\/div>\n\t\t\t\t\t<\/div>\n\t\t\t\t<\/div>\n\t\t<div class=\"elementor-element elementor-element-1839734 e-flex e-con-boxed e-con e-parent\" data-id=\"1839734\" data-element_type=\"container\" data-e-type=\"container\" data-settings=\"{&quot;shape_divider_bottom&quot;:&quot;mountains&quot;}\">\n\t\t\t\t\t<div class=\"e-con-inner\">\n\t\t\t\t<div class=\"elementor-shape elementor-shape-bottom\" aria-hidden=\"true\" data-negative=\"false\">\n\t\t\t<svg xmlns=\"http:\/\/www.w3.org\/2000\/svg\" viewBox=\"0 0 1000 100\" preserveAspectRatio=\"none\">\n\t<path class=\"elementor-shape-fill\" opacity=\"0.33\" d=\"M473,67.3c-203.9,88.3-263.1-34-320.3,0C66,119.1,0,59.7,0,59.7V0h1000v59.7 c0,0-62.1,26.1-94.9,29.3c-32.8,3.3-62.8-12.3-75.8-22.1C806,49.6,745.3,8.7,694.9,4.7S492.4,59,473,67.3z\"\/>\n\t<path class=\"elementor-shape-fill\" opacity=\"0.66\" d=\"M734,67.3c-45.5,0-77.2-23.2-129.1-39.1c-28.6-8.7-150.3-10.1-254,39.1 s-91.7-34.4-149.2,0C115.7,118.3,0,39.8,0,39.8V0h1000v36.5c0,0-28.2-18.5-92.1-18.5C810.2,18.1,775.7,67.3,734,67.3z\"\/>\n\t<path class=\"elementor-shape-fill\" d=\"M766.1,28.9c-200-57.5-266,65.5-395.1,19.5C242,1.8,242,5.4,184.8,20.6C128,35.8,132.3,44.9,89.9,52.5C28.6,63.7,0,0,0,0 h1000c0,0-9.9,40.9-83.6,48.1S829.6,47,766.1,28.9z\"\/>\n<\/svg>\t\t<\/div>\n\t\t<div class=\"elementor-element elementor-element-9ec7801 e-con-full e-flex e-con e-child\" data-id=\"9ec7801\" data-element_type=\"container\" data-e-type=\"container\">\n\t\t\t\t<div class=\"elementor-element elementor-element-6af3c3d elementor-align-center elementor-mobile-align-center elementor-widget__width-inherit elementor-invisible elementor-widget elementor-widget-button\" data-id=\"6af3c3d\" data-element_type=\"widget\" data-e-type=\"widget\" data-settings=\"{&quot;_animation&quot;:&quot;fadeInRight&quot;}\" data-widget_type=\"button.default\">\n\t\t\t\t<div class=\"elementor-widget-container\">\n\t\t\t\t\t\t\t\t\t<div class=\"elementor-button-wrapper\">\n\t\t\t\t\t<a class=\"elementor-button elementor-button-link elementor-size-xs\" href=\"https:\/\/bestvision.it\/es\/contactanos\/\">\n\t\t\t\t\t\t<span class=\"elementor-button-content-wrapper\">\n\t\t\t\t\t\t\t\t\t<span class=\"elementor-button-text\">P\u00f3ngase en contacto<\/span>\n\t\t\t\t\t<\/span>\n\t\t\t\t\t<\/a>\n\t\t\t\t<\/div>\n\t\t\t\t\t\t\t\t<\/div>\n\t\t\t\t<\/div>\n\t\t\t\t<\/div>\n\t\t<div class=\"elementor-element elementor-element-515d974 e-con-full e-flex e-con e-child\" data-id=\"515d974\" data-element_type=\"container\" data-e-type=\"container\">\n\t\t\t\t<div class=\"elementor-element elementor-element-7dc5b28 elementor-invisible elementor-widget elementor-widget-heading\" data-id=\"7dc5b28\" data-element_type=\"widget\" data-e-type=\"widget\" data-settings=\"{&quot;_animation&quot;:&quot;fadeInLeft&quot;}\" data-widget_type=\"heading.default\">\n\t\t\t\t<div class=\"elementor-widget-container\">\n\t\t\t\t\t<h2 class=\"elementor-heading-title elementor-size-default\">\u00bfLe interesan nuestros servicios y experiencia?<\/h2>\t\t\t\t<\/div>\n\t\t\t\t<\/div>\n\t\t\t\t<\/div>\n\t\t\t\t\t<\/div>\n\t\t\t\t<\/div>\n\t\t\t\t<\/div>\n\t\t","protected":false},"excerpt":{"rendered":"<p>P\u00e1ginas web Creamos sitios web profesionales din\u00e1micos y escalables con un dise\u00f1o atractivo e intuitivo. Los servicios est\u00e1n dirigidos a empresas que quieren promocionar su negocio a trav\u00e9s de la web, dar a conocer su marca, historia y contenidos empresariales. Dedicamos un gran cuidado al dise\u00f1o gr\u00e1fico y a la recopilaci\u00f3n de la informaci\u00f3n necesaria [&hellip;]<\/p>\n","protected":false},"author":1,"featured_media":0,"parent":0,"menu_order":0,"comment_status":"closed","ping_status":"closed","template":"","meta":{"footnotes":""},"class_list":["post-1975","page","type-page","status-publish","hentry"],"yoast_head":"<!-- This site is optimized with the Yoast SEO plugin v27.3 - https:\/\/yoast.com\/product\/yoast-seo-wordpress\/ -->\n<title>P\u00e1ginas web - Bestvision Italia<\/title>\n<meta name=\"robots\" content=\"index, follow, max-snippet:-1, max-image-preview:large, max-video-preview:-1\" \/>\n<link rel=\"canonical\" href=\"https:\/\/bestvision.it\/es\/paginas-web\/\" \/>\n<meta property=\"og:locale\" content=\"es_ES\" \/>\n<meta property=\"og:type\" content=\"article\" \/>\n<meta property=\"og:title\" content=\"P\u00e1ginas web - Bestvision Italia\" \/>\n<meta property=\"og:description\" content=\"P\u00e1ginas web Creamos sitios web profesionales din\u00e1micos y escalables con un dise\u00f1o atractivo e intuitivo. Los servicios est\u00e1n dirigidos a empresas que quieren promocionar su negocio a trav\u00e9s de la web, dar a conocer su marca, historia y contenidos empresariales. Dedicamos un gran cuidado al dise\u00f1o gr\u00e1fico y a la recopilaci\u00f3n de la informaci\u00f3n necesaria [&hellip;]\" \/>\n<meta property=\"og:url\" content=\"https:\/\/bestvision.it\/es\/paginas-web\/\" \/>\n<meta property=\"og:site_name\" content=\"Bestvision Italia\" \/>\n<meta property=\"article:modified_time\" content=\"2024-01-07T20:10:09+00:00\" \/>\n<meta property=\"og:image\" content=\"https:\/\/bestvision.it\/wp-content\/uploads\/2023\/09\/devices-desktop-website-builder-screen-3d-rendering-jpg.webp\" \/>\n<meta name=\"twitter:card\" content=\"summary_large_image\" \/>\n<meta name=\"twitter:label1\" content=\"Tiempo de lectura\" \/>\n\t<meta name=\"twitter:data1\" content=\"1 minuto\" \/>\n<script type=\"application\/ld+json\" class=\"yoast-schema-graph\">{\"@context\":\"https:\\\/\\\/schema.org\",\"@graph\":[{\"@type\":\"WebPage\",\"@id\":\"https:\\\/\\\/bestvision.it\\\/es\\\/paginas-web\\\/\",\"url\":\"https:\\\/\\\/bestvision.it\\\/es\\\/paginas-web\\\/\",\"name\":\"P\u00e1ginas web - Bestvision Italia\",\"isPartOf\":{\"@id\":\"https:\\\/\\\/bestvision.it\\\/es\\\/#website\"},\"primaryImageOfPage\":{\"@id\":\"https:\\\/\\\/bestvision.it\\\/es\\\/paginas-web\\\/#primaryimage\"},\"image\":{\"@id\":\"https:\\\/\\\/bestvision.it\\\/es\\\/paginas-web\\\/#primaryimage\"},\"thumbnailUrl\":\"https:\\\/\\\/bestvision.it\\\/wp-content\\\/uploads\\\/2023\\\/09\\\/devices-desktop-website-builder-screen-3d-rendering-jpg.webp\",\"datePublished\":\"2023-09-27T13:34:43+00:00\",\"dateModified\":\"2024-01-07T20:10:09+00:00\",\"breadcrumb\":{\"@id\":\"https:\\\/\\\/bestvision.it\\\/es\\\/paginas-web\\\/#breadcrumb\"},\"inLanguage\":\"es\",\"potentialAction\":[{\"@type\":\"ReadAction\",\"target\":[\"https:\\\/\\\/bestvision.it\\\/es\\\/paginas-web\\\/\"]}]},{\"@type\":\"ImageObject\",\"inLanguage\":\"es\",\"@id\":\"https:\\\/\\\/bestvision.it\\\/es\\\/paginas-web\\\/#primaryimage\",\"url\":\"https:\\\/\\\/bestvision.it\\\/wp-content\\\/uploads\\\/2023\\\/09\\\/devices-desktop-website-builder-screen-3d-rendering-jpg.webp\",\"contentUrl\":\"https:\\\/\\\/bestvision.it\\\/wp-content\\\/uploads\\\/2023\\\/09\\\/devices-desktop-website-builder-screen-3d-rendering-jpg.webp\"},{\"@type\":\"BreadcrumbList\",\"@id\":\"https:\\\/\\\/bestvision.it\\\/es\\\/paginas-web\\\/#breadcrumb\",\"itemListElement\":[{\"@type\":\"ListItem\",\"position\":1,\"name\":\"Home\",\"item\":\"https:\\\/\\\/bestvision.it\\\/es\\\/\"},{\"@type\":\"ListItem\",\"position\":2,\"name\":\"P\u00e1ginas web\"}]},{\"@type\":\"WebSite\",\"@id\":\"https:\\\/\\\/bestvision.it\\\/es\\\/#website\",\"url\":\"https:\\\/\\\/bestvision.it\\\/es\\\/\",\"name\":\"Bestvision Italia\",\"description\":\"Leader in Innovation and Excellence in Industry and Manufacturing in Italy\",\"publisher\":{\"@id\":\"https:\\\/\\\/bestvision.it\\\/es\\\/#organization\"},\"potentialAction\":[{\"@type\":\"SearchAction\",\"target\":{\"@type\":\"EntryPoint\",\"urlTemplate\":\"https:\\\/\\\/bestvision.it\\\/es\\\/?s={search_term_string}\"},\"query-input\":{\"@type\":\"PropertyValueSpecification\",\"valueRequired\":true,\"valueName\":\"search_term_string\"}}],\"inLanguage\":\"es\"},{\"@type\":\"Organization\",\"@id\":\"https:\\\/\\\/bestvision.it\\\/es\\\/#organization\",\"name\":\"Bestvision Italia\",\"url\":\"https:\\\/\\\/bestvision.it\\\/es\\\/\",\"logo\":{\"@type\":\"ImageObject\",\"inLanguage\":\"es\",\"@id\":\"https:\\\/\\\/bestvision.it\\\/es\\\/#\\\/schema\\\/logo\\\/image\\\/\",\"url\":\"https:\\\/\\\/bestvision.it\\\/wp-content\\\/uploads\\\/2023\\\/09\\\/cropped-logo-hd-1.png\",\"contentUrl\":\"https:\\\/\\\/bestvision.it\\\/wp-content\\\/uploads\\\/2023\\\/09\\\/cropped-logo-hd-1.png\",\"width\":568,\"height\":562,\"caption\":\"Bestvision Italia\"},\"image\":{\"@id\":\"https:\\\/\\\/bestvision.it\\\/es\\\/#\\\/schema\\\/logo\\\/image\\\/\"}}]}<\/script>\n<!-- \/ Yoast SEO plugin. -->","yoast_head_json":{"title":"P\u00e1ginas web - Bestvision Italia","robots":{"index":"index","follow":"follow","max-snippet":"max-snippet:-1","max-image-preview":"max-image-preview:large","max-video-preview":"max-video-preview:-1"},"canonical":"https:\/\/bestvision.it\/es\/paginas-web\/","og_locale":"es_ES","og_type":"article","og_title":"P\u00e1ginas web - Bestvision Italia","og_description":"P\u00e1ginas web Creamos sitios web profesionales din\u00e1micos y escalables con un dise\u00f1o atractivo e intuitivo. Los servicios est\u00e1n dirigidos a empresas que quieren promocionar su negocio a trav\u00e9s de la web, dar a conocer su marca, historia y contenidos empresariales. Dedicamos un gran cuidado al dise\u00f1o gr\u00e1fico y a la recopilaci\u00f3n de la informaci\u00f3n necesaria [&hellip;]","og_url":"https:\/\/bestvision.it\/es\/paginas-web\/","og_site_name":"Bestvision Italia","article_modified_time":"2024-01-07T20:10:09+00:00","og_image":[{"url":"https:\/\/bestvision.it\/wp-content\/uploads\/2023\/09\/devices-desktop-website-builder-screen-3d-rendering-jpg.webp","type":"","width":"","height":""}],"twitter_card":"summary_large_image","twitter_misc":{"Tiempo de lectura":"1 minuto"},"schema":{"@context":"https:\/\/schema.org","@graph":[{"@type":"WebPage","@id":"https:\/\/bestvision.it\/es\/paginas-web\/","url":"https:\/\/bestvision.it\/es\/paginas-web\/","name":"P\u00e1ginas web - Bestvision Italia","isPartOf":{"@id":"https:\/\/bestvision.it\/es\/#website"},"primaryImageOfPage":{"@id":"https:\/\/bestvision.it\/es\/paginas-web\/#primaryimage"},"image":{"@id":"https:\/\/bestvision.it\/es\/paginas-web\/#primaryimage"},"thumbnailUrl":"https:\/\/bestvision.it\/wp-content\/uploads\/2023\/09\/devices-desktop-website-builder-screen-3d-rendering-jpg.webp","datePublished":"2023-09-27T13:34:43+00:00","dateModified":"2024-01-07T20:10:09+00:00","breadcrumb":{"@id":"https:\/\/bestvision.it\/es\/paginas-web\/#breadcrumb"},"inLanguage":"es","potentialAction":[{"@type":"ReadAction","target":["https:\/\/bestvision.it\/es\/paginas-web\/"]}]},{"@type":"ImageObject","inLanguage":"es","@id":"https:\/\/bestvision.it\/es\/paginas-web\/#primaryimage","url":"https:\/\/bestvision.it\/wp-content\/uploads\/2023\/09\/devices-desktop-website-builder-screen-3d-rendering-jpg.webp","contentUrl":"https:\/\/bestvision.it\/wp-content\/uploads\/2023\/09\/devices-desktop-website-builder-screen-3d-rendering-jpg.webp"},{"@type":"BreadcrumbList","@id":"https:\/\/bestvision.it\/es\/paginas-web\/#breadcrumb","itemListElement":[{"@type":"ListItem","position":1,"name":"Home","item":"https:\/\/bestvision.it\/es\/"},{"@type":"ListItem","position":2,"name":"P\u00e1ginas web"}]},{"@type":"WebSite","@id":"https:\/\/bestvision.it\/es\/#website","url":"https:\/\/bestvision.it\/es\/","name":"Bestvision Italia","description":"Leader in Innovation and Excellence in Industry and Manufacturing in Italy","publisher":{"@id":"https:\/\/bestvision.it\/es\/#organization"},"potentialAction":[{"@type":"SearchAction","target":{"@type":"EntryPoint","urlTemplate":"https:\/\/bestvision.it\/es\/?s={search_term_string}"},"query-input":{"@type":"PropertyValueSpecification","valueRequired":true,"valueName":"search_term_string"}}],"inLanguage":"es"},{"@type":"Organization","@id":"https:\/\/bestvision.it\/es\/#organization","name":"Bestvision Italia","url":"https:\/\/bestvision.it\/es\/","logo":{"@type":"ImageObject","inLanguage":"es","@id":"https:\/\/bestvision.it\/es\/#\/schema\/logo\/image\/","url":"https:\/\/bestvision.it\/wp-content\/uploads\/2023\/09\/cropped-logo-hd-1.png","contentUrl":"https:\/\/bestvision.it\/wp-content\/uploads\/2023\/09\/cropped-logo-hd-1.png","width":568,"height":562,"caption":"Bestvision Italia"},"image":{"@id":"https:\/\/bestvision.it\/es\/#\/schema\/logo\/image\/"}}]}},"_links":{"self":[{"href":"https:\/\/bestvision.it\/es\/wp-json\/wp\/v2\/pages\/1975","targetHints":{"allow":["GET"]}}],"collection":[{"href":"https:\/\/bestvision.it\/es\/wp-json\/wp\/v2\/pages"}],"about":[{"href":"https:\/\/bestvision.it\/es\/wp-json\/wp\/v2\/types\/page"}],"author":[{"embeddable":true,"href":"https:\/\/bestvision.it\/es\/wp-json\/wp\/v2\/users\/1"}],"replies":[{"embeddable":true,"href":"https:\/\/bestvision.it\/es\/wp-json\/wp\/v2\/comments?post=1975"}],"version-history":[{"count":2,"href":"https:\/\/bestvision.it\/es\/wp-json\/wp\/v2\/pages\/1975\/revisions"}],"predecessor-version":[{"id":2400,"href":"https:\/\/bestvision.it\/es\/wp-json\/wp\/v2\/pages\/1975\/revisions\/2400"}],"wp:attachment":[{"href":"https:\/\/bestvision.it\/es\/wp-json\/wp\/v2\/media?parent=1975"}],"curies":[{"name":"wp","href":"https:\/\/api.w.org\/{rel}","templated":true}]}}