{"id":2231,"date":"2023-09-28T20:16:41","date_gmt":"2023-09-28T20:16:41","guid":{"rendered":"https:\/\/bestvision.it\/responsibility\/"},"modified":"2023-10-07T15:57:13","modified_gmt":"2023-10-07T15:57:13","slug":"responsibility","status":"publish","type":"page","link":"https:\/\/bestvision.it\/es\/responsibility\/","title":{"rendered":"Responsabilidad"},"content":{"rendered":"\t\t<div data-elementor-type=\"wp-page\" data-elementor-id=\"2231\" class=\"elementor elementor-2231 elementor-1561\">\n\t\t\t\t<div class=\"elementor-element elementor-element-e020f49 e-flex e-con-boxed e-con e-parent\" data-id=\"e020f49\" data-element_type=\"container\" data-e-type=\"container\">\n\t\t\t\t\t<div class=\"e-con-inner\">\n\t\t\t\t<div class=\"elementor-element elementor-element-6685d49 elementor-widget elementor-widget-text-editor\" data-id=\"6685d49\" data-element_type=\"widget\" data-e-type=\"widget\" data-widget_type=\"text-editor.default\">\n\t\t\t\t<div class=\"elementor-widget-container\">\n\t\t\t\t\t\t\t\t\t<h1 class=\"wp-block-heading\">Responsabilidad<\/h1><h4>T\u00e9rminos y condiciones de uso<\/h4><p>El sitio bestvision.group es propiedad exclusiva de Best Vision Group, (en adelante denominado \u201cBest Vision\u201d o \u201cBest Vision Group\u201d). El acceso y navegaci\u00f3n en el sitio por parte de usuarios individuales es gratuito y est\u00e1 sujeto a la aceptaci\u00f3n de los t\u00e9rminos y condiciones de estos avisos legales. El usuario reconoce y, en cualquier caso, acepta: (i) que Best Vision se reserva el derecho de modificar los t\u00e9rminos y condiciones de estas notas legales en cualquier momento, comunicando las modificaciones a los usuarios mediante un aviso general adjunto al sitio. o mediante un enlace a este aviso y (ii) que, a partir del momento de cada aviso general ahora mencionado, las notas legales modificadas constituir\u00e1n los nuevos t\u00e9rminos y condiciones para acceder y navegar en el Sitio (estas notas legales, a medida que gradualmente Las \u201cNotas Legales\u201d est\u00e1n sujetas a posibles modificaciones continuas).<\/p><p><b>Ley aplicable<\/b><\/p><p>Para Europa, las notas legales se rigen por la ley suiza, Tribunal de Ginebra. Para Am\u00e9rica, las notas legales se rigen por la ley de los Estados Unidos de Am\u00e9rica, la Corte de Miami.<br \/>Para \u00c1frica, las notas legales se rigen por la ley suiza, Tribunal de Ginebra.<br \/>Para Asia, las notas legales se rigen por la ley suiza, Tribunal de Ginebra.<br \/>Para Australia, las notas legales se regir\u00e1n por la ley de los Estados Unidos de Am\u00e9rica, Tribunal de Miami.<\/p><p><b>Derechos de propiedad intelectual<\/b><\/p><ul><li>Los contenidos del Sitio, a t\u00edtulo enunciativo y no limitativo, las obras, im\u00e1genes, fotograf\u00edas, di\u00e1logos, m\u00fasica, sonidos, v\u00eddeos, textos y cualquier otro material en cualquier formato, incluyendo, a t\u00edtulo enunciativo y no exhaustivo, men\u00fas, Las p\u00e1ginas web, gr\u00e1ficos, colores, esquemas, herramientas, personajes, dise\u00f1o, diagramas, dise\u00f1os, m\u00e9todos, procesos, funciones y software (individualmente y\/o colectivamente &#8216;Contenido&#8217;) y los signos y\/o logotipos distintivos relativos son propiedad exclusiva de BestVision o en su disponibilidad exclusiva, y en ning\u00fan caso podr\u00e1n ser utilizados de cualquier manera y\/o forma sin el consentimiento previo por escrito de Best Vision.<\/li><li>Salvo que expresamente se indique lo contrario en el Sitio, el contenido podr\u00e1 verse y\/o escucharse \u00fanicamente en modo &#8216;Streaming&#8217;. &#8216;Streaming&#8217; significa la modalidad de visualizaci\u00f3n y\/o escucha de los contenidos en tiempo real y sin necesidad y\/o posibilidad de reproducci\u00f3n, temporal o permanente, distribuci\u00f3n, redistribuci\u00f3n, comunicaci\u00f3n al p\u00fablico u otro uso, en cualquier forma o modalidad diferente. del &#8216;Streaming&#8217; definido aqu\u00ed.<\/li><li>En el caso de que en la Incrustaci\u00f3n del Sitio se proporcionen c\u00f3digos de enlace relacionados con contenidos espec\u00edficos, estos c\u00f3digos podr\u00e1n ser utilizados por los usuarios s\u00f3lo para su uso directo, personal y privado y siempre y cuando el uso antes mencionado no se produzca con fines tipo directa o indirectamente.<\/li><li>Cualquier uso de c\u00f3digos y\/o contenidos en violaci\u00f3n de los l\u00edmites indicados en las Notas Legales, o de otro modo contrario a la ley, es ilegal y, por tanto, ser\u00e1 sancionado por Best Vision.<\/li><li>Las marcas comerciales registradas y los logotipos de \u00abBest Vision\u00bb, incluido el nombre de dominio \u00abbestvision.group\u00bb, est\u00e1n disponibles exclusivamente para las empresas del grupo BestVision. Estas marcas, logotipos y dominios no se pueden utilizar de ninguna manera sin el consentimiento previo por escrito de Best Vision.<\/li><\/ul><p><b>Enlaces a otros sitios web<\/b><\/p><ul><li>El Sitio puede contener enlaces de texto (los &#8216;enlaces&#8217;) a otros sitios web que no tienen conexi\u00f3n con el Sitio. Best Vision no controla ni supervisa estos sitios web, sus contenidos y sus reglas.<\/li><li>Cualquier enlace a otros sitios web no debe entenderse, de ninguna manera, como una actividad de Best Vision para promocionar los mismos y\/o el contenido publicado en los mismos.<\/li><\/ul><p><b>Cookies<\/b><\/p><p>El Sitio puede contener cookies de sesi\u00f3n (que no se almacenan permanentemente en la computadora del usuario y desaparecen cuando cierra el navegador) para permitir a los usuarios utilizar mejor el Sitio. Para recibir cookies puede configurar su navegador con la intenci\u00f3n de ser avisado de la presencia de cookies y posteriormente decidir si las acepta o no.<br \/>El navegador tambi\u00e9n se puede configurar para que rechace autom\u00e1ticamente todas las cookies; en este caso, sin embargo, es posible que el usuario no pueda acceder a todos los servicios disponibles en el Sitio.<\/p><p><b>Limitaciones de responsabilidad<\/b><\/p><ul><li>El usuario reconoce y acepta que su acceso y navegaci\u00f3n por el Sitio es bajo su propio riesgo y bajo su exclusiva responsabilidad.<\/li><li>El usuario tambi\u00e9n reconoce y acepta que el Sitio se proporciona \u00abtal cual\u00bb y \u00abseg\u00fan disponibilidad\u00bb y que puede ser temporalmente inaccesible o contener defectos o retrasos actuales.<\/li><li>Best Vision no asume ninguna responsabilidad por el contenido, materiales y\/o la informaci\u00f3n ingresada al Sitio por los usuarios en los espacios virtuales que Best Vision pone a disposici\u00f3n de los usuarios para la interacci\u00f3n con el Sitio (\u201cContenido del Usuario\u201d).<\/li><li>Best Vision no ser\u00e1 responsable de ninguna p\u00e9rdida o da\u00f1o que surja o est\u00e9 relacionado de alguna manera con el uso u operaci\u00f3n del Sitio, incluidos, entre otros, da\u00f1os por p\u00e9rdida de negocios, p\u00e9rdida de ganancias, interrupci\u00f3n de negocios, p\u00e9rdida de informaci\u00f3n comercial y \/ o cualquier otro tipo de da\u00f1o pecuniario, excepto en los casos de mala conducta intencional o negligencia grave de Best Vision.<\/li><\/ul><p><b>Reporte de abuso<\/b><\/p><ul><li>Los usuarios que hayan identificado cualquier Contenido de usuario que consideren ilegal, inapropiado, ofensivo o vulgar, que informen a Best Vision de inmediato, completando el formulario de informe de abuso disponible en el Sitio, en la parte inferior de la p\u00e1gina de inicio.<\/li><li>Se invita al usuario a un uso responsable de sus informes. Las denuncias que resulten infundadas y\/o ileg\u00edtimas ser\u00e1n fuente de responsabilidad para usted.<\/li><\/ul><p><b>Ley aplicable<\/b><\/p><p>Las notas legales se rigen por la ley suiza, Tribunal de Ginebra.<\/p><p><b>Best Vision Group<\/b><\/p>\t\t\t\t\t\t\t\t<\/div>\n\t\t\t\t<\/div>\n\t\t\t\t\t<\/div>\n\t\t\t\t<\/div>\n\t\t\t\t<\/div>\n\t\t","protected":false},"excerpt":{"rendered":"<p>Responsabilidad T\u00e9rminos y condiciones de uso El sitio bestvision.group es propiedad exclusiva de Best Vision Group, (en adelante denominado \u201cBest Vision\u201d o \u201cBest Vision Group\u201d). El acceso y navegaci\u00f3n en el sitio por parte de usuarios individuales es gratuito y est\u00e1 sujeto a la aceptaci\u00f3n de los t\u00e9rminos y condiciones de estos avisos legales. El [&hellip;]<\/p>\n","protected":false},"author":1,"featured_media":0,"parent":0,"menu_order":0,"comment_status":"closed","ping_status":"closed","template":"","meta":{"footnotes":""},"class_list":["post-2231","page","type-page","status-publish","hentry"],"yoast_head":"<!-- This site is optimized with the Yoast SEO plugin v27.3 - https:\/\/yoast.com\/product\/yoast-seo-wordpress\/ -->\n<title>Responsabilidad - Bestvision Italia<\/title>\n<meta name=\"robots\" content=\"index, follow, max-snippet:-1, max-image-preview:large, max-video-preview:-1\" \/>\n<link rel=\"canonical\" href=\"https:\/\/bestvision.it\/es\/responsibility\/\" \/>\n<meta property=\"og:locale\" content=\"es_ES\" \/>\n<meta property=\"og:type\" content=\"article\" \/>\n<meta property=\"og:title\" content=\"Responsabilidad - Bestvision Italia\" \/>\n<meta property=\"og:description\" content=\"Responsabilidad T\u00e9rminos y condiciones de uso El sitio bestvision.group es propiedad exclusiva de Best Vision Group, (en adelante denominado \u201cBest Vision\u201d o \u201cBest Vision Group\u201d). El acceso y navegaci\u00f3n en el sitio por parte de usuarios individuales es gratuito y est\u00e1 sujeto a la aceptaci\u00f3n de los t\u00e9rminos y condiciones de estos avisos legales. El [&hellip;]\" \/>\n<meta property=\"og:url\" content=\"https:\/\/bestvision.it\/es\/responsibility\/\" \/>\n<meta property=\"og:site_name\" content=\"Bestvision Italia\" \/>\n<meta property=\"article:modified_time\" content=\"2023-10-07T15:57:13+00:00\" \/>\n<meta name=\"twitter:card\" content=\"summary_large_image\" \/>\n<meta name=\"twitter:label1\" content=\"Tiempo de lectura\" \/>\n\t<meta name=\"twitter:data1\" content=\"5 minutos\" \/>\n<script type=\"application\/ld+json\" class=\"yoast-schema-graph\">{\"@context\":\"https:\\\/\\\/schema.org\",\"@graph\":[{\"@type\":\"WebPage\",\"@id\":\"https:\\\/\\\/bestvision.it\\\/es\\\/responsibility\\\/\",\"url\":\"https:\\\/\\\/bestvision.it\\\/es\\\/responsibility\\\/\",\"name\":\"Responsabilidad - Bestvision Italia\",\"isPartOf\":{\"@id\":\"https:\\\/\\\/bestvision.it\\\/es\\\/#website\"},\"datePublished\":\"2023-09-28T20:16:41+00:00\",\"dateModified\":\"2023-10-07T15:57:13+00:00\",\"breadcrumb\":{\"@id\":\"https:\\\/\\\/bestvision.it\\\/es\\\/responsibility\\\/#breadcrumb\"},\"inLanguage\":\"es\",\"potentialAction\":[{\"@type\":\"ReadAction\",\"target\":[\"https:\\\/\\\/bestvision.it\\\/es\\\/responsibility\\\/\"]}]},{\"@type\":\"BreadcrumbList\",\"@id\":\"https:\\\/\\\/bestvision.it\\\/es\\\/responsibility\\\/#breadcrumb\",\"itemListElement\":[{\"@type\":\"ListItem\",\"position\":1,\"name\":\"Home\",\"item\":\"https:\\\/\\\/bestvision.it\\\/es\\\/\"},{\"@type\":\"ListItem\",\"position\":2,\"name\":\"Responsabilidad\"}]},{\"@type\":\"WebSite\",\"@id\":\"https:\\\/\\\/bestvision.it\\\/es\\\/#website\",\"url\":\"https:\\\/\\\/bestvision.it\\\/es\\\/\",\"name\":\"Bestvision Italia\",\"description\":\"Leader in Innovation and Excellence in Industry and Manufacturing in Italy\",\"publisher\":{\"@id\":\"https:\\\/\\\/bestvision.it\\\/es\\\/#organization\"},\"potentialAction\":[{\"@type\":\"SearchAction\",\"target\":{\"@type\":\"EntryPoint\",\"urlTemplate\":\"https:\\\/\\\/bestvision.it\\\/es\\\/?s={search_term_string}\"},\"query-input\":{\"@type\":\"PropertyValueSpecification\",\"valueRequired\":true,\"valueName\":\"search_term_string\"}}],\"inLanguage\":\"es\"},{\"@type\":\"Organization\",\"@id\":\"https:\\\/\\\/bestvision.it\\\/es\\\/#organization\",\"name\":\"Bestvision Italia\",\"url\":\"https:\\\/\\\/bestvision.it\\\/es\\\/\",\"logo\":{\"@type\":\"ImageObject\",\"inLanguage\":\"es\",\"@id\":\"https:\\\/\\\/bestvision.it\\\/es\\\/#\\\/schema\\\/logo\\\/image\\\/\",\"url\":\"https:\\\/\\\/bestvision.it\\\/wp-content\\\/uploads\\\/2023\\\/09\\\/cropped-logo-hd-1.png\",\"contentUrl\":\"https:\\\/\\\/bestvision.it\\\/wp-content\\\/uploads\\\/2023\\\/09\\\/cropped-logo-hd-1.png\",\"width\":568,\"height\":562,\"caption\":\"Bestvision Italia\"},\"image\":{\"@id\":\"https:\\\/\\\/bestvision.it\\\/es\\\/#\\\/schema\\\/logo\\\/image\\\/\"}}]}<\/script>\n<!-- \/ Yoast SEO plugin. -->","yoast_head_json":{"title":"Responsabilidad - Bestvision Italia","robots":{"index":"index","follow":"follow","max-snippet":"max-snippet:-1","max-image-preview":"max-image-preview:large","max-video-preview":"max-video-preview:-1"},"canonical":"https:\/\/bestvision.it\/es\/responsibility\/","og_locale":"es_ES","og_type":"article","og_title":"Responsabilidad - Bestvision Italia","og_description":"Responsabilidad T\u00e9rminos y condiciones de uso El sitio bestvision.group es propiedad exclusiva de Best Vision Group, (en adelante denominado \u201cBest Vision\u201d o \u201cBest Vision Group\u201d). El acceso y navegaci\u00f3n en el sitio por parte de usuarios individuales es gratuito y est\u00e1 sujeto a la aceptaci\u00f3n de los t\u00e9rminos y condiciones de estos avisos legales. El [&hellip;]","og_url":"https:\/\/bestvision.it\/es\/responsibility\/","og_site_name":"Bestvision Italia","article_modified_time":"2023-10-07T15:57:13+00:00","twitter_card":"summary_large_image","twitter_misc":{"Tiempo de lectura":"5 minutos"},"schema":{"@context":"https:\/\/schema.org","@graph":[{"@type":"WebPage","@id":"https:\/\/bestvision.it\/es\/responsibility\/","url":"https:\/\/bestvision.it\/es\/responsibility\/","name":"Responsabilidad - Bestvision Italia","isPartOf":{"@id":"https:\/\/bestvision.it\/es\/#website"},"datePublished":"2023-09-28T20:16:41+00:00","dateModified":"2023-10-07T15:57:13+00:00","breadcrumb":{"@id":"https:\/\/bestvision.it\/es\/responsibility\/#breadcrumb"},"inLanguage":"es","potentialAction":[{"@type":"ReadAction","target":["https:\/\/bestvision.it\/es\/responsibility\/"]}]},{"@type":"BreadcrumbList","@id":"https:\/\/bestvision.it\/es\/responsibility\/#breadcrumb","itemListElement":[{"@type":"ListItem","position":1,"name":"Home","item":"https:\/\/bestvision.it\/es\/"},{"@type":"ListItem","position":2,"name":"Responsabilidad"}]},{"@type":"WebSite","@id":"https:\/\/bestvision.it\/es\/#website","url":"https:\/\/bestvision.it\/es\/","name":"Bestvision Italia","description":"Leader in Innovation and Excellence in Industry and Manufacturing in Italy","publisher":{"@id":"https:\/\/bestvision.it\/es\/#organization"},"potentialAction":[{"@type":"SearchAction","target":{"@type":"EntryPoint","urlTemplate":"https:\/\/bestvision.it\/es\/?s={search_term_string}"},"query-input":{"@type":"PropertyValueSpecification","valueRequired":true,"valueName":"search_term_string"}}],"inLanguage":"es"},{"@type":"Organization","@id":"https:\/\/bestvision.it\/es\/#organization","name":"Bestvision Italia","url":"https:\/\/bestvision.it\/es\/","logo":{"@type":"ImageObject","inLanguage":"es","@id":"https:\/\/bestvision.it\/es\/#\/schema\/logo\/image\/","url":"https:\/\/bestvision.it\/wp-content\/uploads\/2023\/09\/cropped-logo-hd-1.png","contentUrl":"https:\/\/bestvision.it\/wp-content\/uploads\/2023\/09\/cropped-logo-hd-1.png","width":568,"height":562,"caption":"Bestvision Italia"},"image":{"@id":"https:\/\/bestvision.it\/es\/#\/schema\/logo\/image\/"}}]}},"_links":{"self":[{"href":"https:\/\/bestvision.it\/es\/wp-json\/wp\/v2\/pages\/2231","targetHints":{"allow":["GET"]}}],"collection":[{"href":"https:\/\/bestvision.it\/es\/wp-json\/wp\/v2\/pages"}],"about":[{"href":"https:\/\/bestvision.it\/es\/wp-json\/wp\/v2\/types\/page"}],"author":[{"embeddable":true,"href":"https:\/\/bestvision.it\/es\/wp-json\/wp\/v2\/users\/1"}],"replies":[{"embeddable":true,"href":"https:\/\/bestvision.it\/es\/wp-json\/wp\/v2\/comments?post=2231"}],"version-history":[{"count":5,"href":"https:\/\/bestvision.it\/es\/wp-json\/wp\/v2\/pages\/2231\/revisions"}],"predecessor-version":[{"id":2256,"href":"https:\/\/bestvision.it\/es\/wp-json\/wp\/v2\/pages\/2231\/revisions\/2256"}],"wp:attachment":[{"href":"https:\/\/bestvision.it\/es\/wp-json\/wp\/v2\/media?parent=2231"}],"curies":[{"name":"wp","href":"https:\/\/api.w.org\/{rel}","templated":true}]}}