{"id":1965,"date":"2023-09-27T13:34:43","date_gmt":"2023-09-27T13:34:43","guid":{"rendered":"https:\/\/bestvision.it\/websites\/"},"modified":"2024-01-07T20:10:00","modified_gmt":"2024-01-07T20:10:00","slug":"websites","status":"publish","type":"page","link":"https:\/\/bestvision.it\/fr\/websites\/","title":{"rendered":"Websites"},"content":{"rendered":"\t\t<div data-elementor-type=\"wp-page\" data-elementor-id=\"1965\" class=\"elementor elementor-1965 elementor-482\">\n\t\t\t\t<div class=\"elementor-element elementor-element-3b1328a e-flex e-con-boxed e-con e-parent\" data-id=\"3b1328a\" data-element_type=\"container\" data-e-type=\"container\" data-settings=\"{&quot;background_background&quot;:&quot;classic&quot;}\">\n\t\t\t\t\t<div class=\"e-con-inner\">\n\t\t\t\t<div class=\"elementor-element elementor-element-14470fe elementor-widget elementor-widget-heading\" data-id=\"14470fe\" data-element_type=\"widget\" data-e-type=\"widget\" data-widget_type=\"heading.default\">\n\t\t\t\t<div class=\"elementor-widget-container\">\n\t\t\t\t\t<h2 class=\"elementor-heading-title elementor-size-default\">Websites<\/h2>\t\t\t\t<\/div>\n\t\t\t\t<\/div>\n\t\t\t\t\t<\/div>\n\t\t\t\t<\/div>\n\t\t<div class=\"elementor-element elementor-element-cbacee7 e-flex e-con-boxed e-con e-parent\" data-id=\"cbacee7\" data-element_type=\"container\" data-e-type=\"container\">\n\t\t\t\t\t<div class=\"e-con-inner\">\n\t\t<div class=\"elementor-element elementor-element-b15a626 e-con-full e-flex elementor-invisible e-con e-child\" data-id=\"b15a626\" data-element_type=\"container\" data-e-type=\"container\" data-settings=\"{&quot;animation&quot;:&quot;fadeIn&quot;}\">\n\t\t\t\t<div class=\"elementor-element elementor-element-ef7aad3 elementor-widget elementor-widget-text-editor\" data-id=\"ef7aad3\" data-element_type=\"widget\" data-e-type=\"widget\" data-widget_type=\"text-editor.default\">\n\t\t\t\t<div class=\"elementor-widget-container\">\n\t\t\t\t\t\t\t\t\t<p>Nous cr\u00e9ons des sites web professionnels dynamiques et \u00e9volutifs avec un design attrayant et intuitif.<\/p>\n<p>Ces services s&rsquo;adressent aux entreprises qui souhaitent promouvoir leur activit\u00e9 sur le web, faire conna\u00eetre leur marque, leur histoire et le contenu de leur activit\u00e9.<\/p>\n<p>Nous consacrons beaucoup de soin \u00e0 la conception graphique et \u00e0 la collecte des informations n\u00e9cessaires \u00e0 l&rsquo;identification de l&rsquo;activit\u00e9 principale du client, en commen\u00e7ant par une analyse du type d&rsquo;entreprise et du public cible auquel elle s&rsquo;adresse afin de mettre en valeur les points forts de l&rsquo;entreprise. Nos sites sont cr\u00e9\u00e9s en mode responsive, de sorte que les pages s&rsquo;adaptent automatiquement aux appareils, pour une visualisation optimale en fonction de l&rsquo;environnement dans lequel ils sont consult\u00e9s.<\/p>\n<p>Les sites seront visibles par tous et sur tous les appareils de mani\u00e8re optimis\u00e9e sur tablette, smartphone, notebook ou desktop.<\/p>\n\t\t\t\t\t\t\t\t<\/div>\n\t\t\t\t<\/div>\n\t\t\t\t<\/div>\n\t\t<div class=\"elementor-element elementor-element-deb8014 e-con-full e-flex elementor-invisible e-con e-child\" data-id=\"deb8014\" data-element_type=\"container\" data-e-type=\"container\" data-settings=\"{&quot;animation&quot;:&quot;fadeIn&quot;,&quot;animation_delay&quot;:200}\">\n\t\t\t\t<div class=\"elementor-element elementor-element-e292e20 elementor-invisible elementor-widget elementor-widget-image\" data-id=\"e292e20\" data-element_type=\"widget\" data-e-type=\"widget\" data-settings=\"{&quot;_animation&quot;:&quot;fadeIn&quot;,&quot;_animation_delay&quot;:0}\" data-widget_type=\"image.default\">\n\t\t\t\t<div class=\"elementor-widget-container\">\n\t\t\t\t\t\t\t\t\t\t\t\t\t\t\t<img fetchpriority=\"high\" decoding=\"async\" width=\"640\" height=\"372\" src=\"https:\/\/bestvision.it\/wp-content\/uploads\/2023\/09\/devices-desktop-website-builder-screen-3d-rendering-jpg.webp\" class=\"attachment-large size-large wp-image-1501\" alt=\"\" \/>\t\t\t\t\t\t\t\t\t\t\t\t\t\t\t<\/div>\n\t\t\t\t<\/div>\n\t\t\t\t<\/div>\n\t\t\t\t\t<\/div>\n\t\t\t\t<\/div>\n\t\t<div class=\"elementor-element elementor-element-1839734 e-flex e-con-boxed e-con e-parent\" data-id=\"1839734\" data-element_type=\"container\" data-e-type=\"container\" data-settings=\"{&quot;shape_divider_bottom&quot;:&quot;mountains&quot;}\">\n\t\t\t\t\t<div class=\"e-con-inner\">\n\t\t\t\t<div class=\"elementor-shape elementor-shape-bottom\" aria-hidden=\"true\" data-negative=\"false\">\n\t\t\t<svg xmlns=\"http:\/\/www.w3.org\/2000\/svg\" viewBox=\"0 0 1000 100\" preserveAspectRatio=\"none\">\n\t<path class=\"elementor-shape-fill\" opacity=\"0.33\" d=\"M473,67.3c-203.9,88.3-263.1-34-320.3,0C66,119.1,0,59.7,0,59.7V0h1000v59.7 c0,0-62.1,26.1-94.9,29.3c-32.8,3.3-62.8-12.3-75.8-22.1C806,49.6,745.3,8.7,694.9,4.7S492.4,59,473,67.3z\"\/>\n\t<path class=\"elementor-shape-fill\" opacity=\"0.66\" d=\"M734,67.3c-45.5,0-77.2-23.2-129.1-39.1c-28.6-8.7-150.3-10.1-254,39.1 s-91.7-34.4-149.2,0C115.7,118.3,0,39.8,0,39.8V0h1000v36.5c0,0-28.2-18.5-92.1-18.5C810.2,18.1,775.7,67.3,734,67.3z\"\/>\n\t<path class=\"elementor-shape-fill\" d=\"M766.1,28.9c-200-57.5-266,65.5-395.1,19.5C242,1.8,242,5.4,184.8,20.6C128,35.8,132.3,44.9,89.9,52.5C28.6,63.7,0,0,0,0 h1000c0,0-9.9,40.9-83.6,48.1S829.6,47,766.1,28.9z\"\/>\n<\/svg>\t\t<\/div>\n\t\t<div class=\"elementor-element elementor-element-9ec7801 e-con-full e-flex e-con e-child\" data-id=\"9ec7801\" data-element_type=\"container\" data-e-type=\"container\">\n\t\t\t\t<div class=\"elementor-element elementor-element-6af3c3d elementor-align-center elementor-mobile-align-center elementor-widget__width-inherit elementor-invisible elementor-widget elementor-widget-button\" data-id=\"6af3c3d\" data-element_type=\"widget\" data-e-type=\"widget\" data-settings=\"{&quot;_animation&quot;:&quot;fadeInRight&quot;}\" data-widget_type=\"button.default\">\n\t\t\t\t<div class=\"elementor-widget-container\">\n\t\t\t\t\t\t\t\t\t<div class=\"elementor-button-wrapper\">\n\t\t\t\t\t<a class=\"elementor-button elementor-button-link elementor-size-xs\" href=\"https:\/\/bestvision.it\/fr\/contactez-nous\/\">\n\t\t\t\t\t\t<span class=\"elementor-button-content-wrapper\">\n\t\t\t\t\t\t\t\t\t<span class=\"elementor-button-text\">Prendre contact<\/span>\n\t\t\t\t\t<\/span>\n\t\t\t\t\t<\/a>\n\t\t\t\t<\/div>\n\t\t\t\t\t\t\t\t<\/div>\n\t\t\t\t<\/div>\n\t\t\t\t<\/div>\n\t\t<div class=\"elementor-element elementor-element-515d974 e-con-full e-flex e-con e-child\" data-id=\"515d974\" data-element_type=\"container\" data-e-type=\"container\">\n\t\t\t\t<div class=\"elementor-element elementor-element-7dc5b28 elementor-invisible elementor-widget elementor-widget-heading\" data-id=\"7dc5b28\" data-element_type=\"widget\" data-e-type=\"widget\" data-settings=\"{&quot;_animation&quot;:&quot;fadeInLeft&quot;}\" data-widget_type=\"heading.default\">\n\t\t\t\t<div class=\"elementor-widget-container\">\n\t\t\t\t\t<h2 class=\"elementor-heading-title elementor-size-default\">Nos services et notre expertise vous int\u00e9ressent ?<\/h2>\t\t\t\t<\/div>\n\t\t\t\t<\/div>\n\t\t\t\t<\/div>\n\t\t\t\t\t<\/div>\n\t\t\t\t<\/div>\n\t\t\t\t<\/div>\n\t\t","protected":false},"excerpt":{"rendered":"<p>Websites Nous cr\u00e9ons des sites web professionnels dynamiques et \u00e9volutifs avec un design attrayant et intuitif. Ces services s&rsquo;adressent aux entreprises qui souhaitent promouvoir leur activit\u00e9 sur le web, faire conna\u00eetre leur marque, leur histoire et le contenu de leur activit\u00e9. Nous consacrons beaucoup de soin \u00e0 la conception graphique et \u00e0 la collecte des [&hellip;]<\/p>\n","protected":false},"author":1,"featured_media":0,"parent":0,"menu_order":0,"comment_status":"closed","ping_status":"closed","template":"","meta":{"footnotes":""},"class_list":["post-1965","page","type-page","status-publish","hentry"],"yoast_head":"<!-- This site is optimized with the Yoast SEO plugin v27.5 - https:\/\/yoast.com\/product\/yoast-seo-wordpress\/ -->\n<title>Websites - Bestvision Italia<\/title>\n<meta name=\"robots\" content=\"index, follow, max-snippet:-1, max-image-preview:large, max-video-preview:-1\" \/>\n<link rel=\"canonical\" href=\"https:\/\/bestvision.it\/fr\/websites\/\" \/>\n<meta property=\"og:locale\" content=\"fr_FR\" \/>\n<meta property=\"og:type\" content=\"article\" \/>\n<meta property=\"og:title\" content=\"Websites - Bestvision Italia\" \/>\n<meta property=\"og:description\" content=\"Websites Nous cr\u00e9ons des sites web professionnels dynamiques et \u00e9volutifs avec un design attrayant et intuitif. Ces services s&rsquo;adressent aux entreprises qui souhaitent promouvoir leur activit\u00e9 sur le web, faire conna\u00eetre leur marque, leur histoire et le contenu de leur activit\u00e9. Nous consacrons beaucoup de soin \u00e0 la conception graphique et \u00e0 la collecte des [&hellip;]\" \/>\n<meta property=\"og:url\" content=\"https:\/\/bestvision.it\/fr\/websites\/\" \/>\n<meta property=\"og:site_name\" content=\"Bestvision Italia\" \/>\n<meta property=\"article:modified_time\" content=\"2024-01-07T20:10:00+00:00\" \/>\n<meta property=\"og:image\" content=\"https:\/\/bestvision.it\/wp-content\/uploads\/2023\/09\/devices-desktop-website-builder-screen-3d-rendering-jpg.webp\" \/>\n<meta name=\"twitter:card\" content=\"summary_large_image\" \/>\n<meta name=\"twitter:label1\" content=\"Dur\u00e9e de lecture estim\u00e9e\" \/>\n\t<meta name=\"twitter:data1\" content=\"1 minute\" \/>\n<script type=\"application\/ld+json\" class=\"yoast-schema-graph\">{\"@context\":\"https:\\\/\\\/schema.org\",\"@graph\":[{\"@type\":\"WebPage\",\"@id\":\"https:\\\/\\\/bestvision.it\\\/fr\\\/websites\\\/\",\"url\":\"https:\\\/\\\/bestvision.it\\\/fr\\\/websites\\\/\",\"name\":\"Websites - Bestvision Italia\",\"isPartOf\":{\"@id\":\"https:\\\/\\\/bestvision.it\\\/fr\\\/#website\"},\"primaryImageOfPage\":{\"@id\":\"https:\\\/\\\/bestvision.it\\\/fr\\\/websites\\\/#primaryimage\"},\"image\":{\"@id\":\"https:\\\/\\\/bestvision.it\\\/fr\\\/websites\\\/#primaryimage\"},\"thumbnailUrl\":\"https:\\\/\\\/bestvision.it\\\/wp-content\\\/uploads\\\/2023\\\/09\\\/devices-desktop-website-builder-screen-3d-rendering-jpg.webp\",\"datePublished\":\"2023-09-27T13:34:43+00:00\",\"dateModified\":\"2024-01-07T20:10:00+00:00\",\"breadcrumb\":{\"@id\":\"https:\\\/\\\/bestvision.it\\\/fr\\\/websites\\\/#breadcrumb\"},\"inLanguage\":\"fr-FR\",\"potentialAction\":[{\"@type\":\"ReadAction\",\"target\":[\"https:\\\/\\\/bestvision.it\\\/fr\\\/websites\\\/\"]}]},{\"@type\":\"ImageObject\",\"inLanguage\":\"fr-FR\",\"@id\":\"https:\\\/\\\/bestvision.it\\\/fr\\\/websites\\\/#primaryimage\",\"url\":\"https:\\\/\\\/bestvision.it\\\/wp-content\\\/uploads\\\/2023\\\/09\\\/devices-desktop-website-builder-screen-3d-rendering-jpg.webp\",\"contentUrl\":\"https:\\\/\\\/bestvision.it\\\/wp-content\\\/uploads\\\/2023\\\/09\\\/devices-desktop-website-builder-screen-3d-rendering-jpg.webp\"},{\"@type\":\"BreadcrumbList\",\"@id\":\"https:\\\/\\\/bestvision.it\\\/fr\\\/websites\\\/#breadcrumb\",\"itemListElement\":[{\"@type\":\"ListItem\",\"position\":1,\"name\":\"Home\",\"item\":\"https:\\\/\\\/bestvision.it\\\/fr\\\/\"},{\"@type\":\"ListItem\",\"position\":2,\"name\":\"Websites\"}]},{\"@type\":\"WebSite\",\"@id\":\"https:\\\/\\\/bestvision.it\\\/fr\\\/#website\",\"url\":\"https:\\\/\\\/bestvision.it\\\/fr\\\/\",\"name\":\"Bestvision Italia\",\"description\":\"Leader in Innovation and Excellence in Industry and Manufacturing in Italy\",\"publisher\":{\"@id\":\"https:\\\/\\\/bestvision.it\\\/fr\\\/#organization\"},\"potentialAction\":[{\"@type\":\"SearchAction\",\"target\":{\"@type\":\"EntryPoint\",\"urlTemplate\":\"https:\\\/\\\/bestvision.it\\\/fr\\\/?s={search_term_string}\"},\"query-input\":{\"@type\":\"PropertyValueSpecification\",\"valueRequired\":true,\"valueName\":\"search_term_string\"}}],\"inLanguage\":\"fr-FR\"},{\"@type\":\"Organization\",\"@id\":\"https:\\\/\\\/bestvision.it\\\/fr\\\/#organization\",\"name\":\"Bestvision Italia\",\"url\":\"https:\\\/\\\/bestvision.it\\\/fr\\\/\",\"logo\":{\"@type\":\"ImageObject\",\"inLanguage\":\"fr-FR\",\"@id\":\"https:\\\/\\\/bestvision.it\\\/fr\\\/#\\\/schema\\\/logo\\\/image\\\/\",\"url\":\"https:\\\/\\\/bestvision.it\\\/wp-content\\\/uploads\\\/2023\\\/09\\\/cropped-logo-hd-1.png\",\"contentUrl\":\"https:\\\/\\\/bestvision.it\\\/wp-content\\\/uploads\\\/2023\\\/09\\\/cropped-logo-hd-1.png\",\"width\":568,\"height\":562,\"caption\":\"Bestvision Italia\"},\"image\":{\"@id\":\"https:\\\/\\\/bestvision.it\\\/fr\\\/#\\\/schema\\\/logo\\\/image\\\/\"}}]}<\/script>\n<!-- \/ Yoast SEO plugin. -->","yoast_head_json":{"title":"Websites - Bestvision Italia","robots":{"index":"index","follow":"follow","max-snippet":"max-snippet:-1","max-image-preview":"max-image-preview:large","max-video-preview":"max-video-preview:-1"},"canonical":"https:\/\/bestvision.it\/fr\/websites\/","og_locale":"fr_FR","og_type":"article","og_title":"Websites - Bestvision Italia","og_description":"Websites Nous cr\u00e9ons des sites web professionnels dynamiques et \u00e9volutifs avec un design attrayant et intuitif. Ces services s&rsquo;adressent aux entreprises qui souhaitent promouvoir leur activit\u00e9 sur le web, faire conna\u00eetre leur marque, leur histoire et le contenu de leur activit\u00e9. Nous consacrons beaucoup de soin \u00e0 la conception graphique et \u00e0 la collecte des [&hellip;]","og_url":"https:\/\/bestvision.it\/fr\/websites\/","og_site_name":"Bestvision Italia","article_modified_time":"2024-01-07T20:10:00+00:00","og_image":[{"url":"https:\/\/bestvision.it\/wp-content\/uploads\/2023\/09\/devices-desktop-website-builder-screen-3d-rendering-jpg.webp","type":"","width":"","height":""}],"twitter_card":"summary_large_image","twitter_misc":{"Dur\u00e9e de lecture estim\u00e9e":"1 minute"},"schema":{"@context":"https:\/\/schema.org","@graph":[{"@type":"WebPage","@id":"https:\/\/bestvision.it\/fr\/websites\/","url":"https:\/\/bestvision.it\/fr\/websites\/","name":"Websites - Bestvision Italia","isPartOf":{"@id":"https:\/\/bestvision.it\/fr\/#website"},"primaryImageOfPage":{"@id":"https:\/\/bestvision.it\/fr\/websites\/#primaryimage"},"image":{"@id":"https:\/\/bestvision.it\/fr\/websites\/#primaryimage"},"thumbnailUrl":"https:\/\/bestvision.it\/wp-content\/uploads\/2023\/09\/devices-desktop-website-builder-screen-3d-rendering-jpg.webp","datePublished":"2023-09-27T13:34:43+00:00","dateModified":"2024-01-07T20:10:00+00:00","breadcrumb":{"@id":"https:\/\/bestvision.it\/fr\/websites\/#breadcrumb"},"inLanguage":"fr-FR","potentialAction":[{"@type":"ReadAction","target":["https:\/\/bestvision.it\/fr\/websites\/"]}]},{"@type":"ImageObject","inLanguage":"fr-FR","@id":"https:\/\/bestvision.it\/fr\/websites\/#primaryimage","url":"https:\/\/bestvision.it\/wp-content\/uploads\/2023\/09\/devices-desktop-website-builder-screen-3d-rendering-jpg.webp","contentUrl":"https:\/\/bestvision.it\/wp-content\/uploads\/2023\/09\/devices-desktop-website-builder-screen-3d-rendering-jpg.webp"},{"@type":"BreadcrumbList","@id":"https:\/\/bestvision.it\/fr\/websites\/#breadcrumb","itemListElement":[{"@type":"ListItem","position":1,"name":"Home","item":"https:\/\/bestvision.it\/fr\/"},{"@type":"ListItem","position":2,"name":"Websites"}]},{"@type":"WebSite","@id":"https:\/\/bestvision.it\/fr\/#website","url":"https:\/\/bestvision.it\/fr\/","name":"Bestvision Italia","description":"Leader in Innovation and Excellence in Industry and Manufacturing in Italy","publisher":{"@id":"https:\/\/bestvision.it\/fr\/#organization"},"potentialAction":[{"@type":"SearchAction","target":{"@type":"EntryPoint","urlTemplate":"https:\/\/bestvision.it\/fr\/?s={search_term_string}"},"query-input":{"@type":"PropertyValueSpecification","valueRequired":true,"valueName":"search_term_string"}}],"inLanguage":"fr-FR"},{"@type":"Organization","@id":"https:\/\/bestvision.it\/fr\/#organization","name":"Bestvision Italia","url":"https:\/\/bestvision.it\/fr\/","logo":{"@type":"ImageObject","inLanguage":"fr-FR","@id":"https:\/\/bestvision.it\/fr\/#\/schema\/logo\/image\/","url":"https:\/\/bestvision.it\/wp-content\/uploads\/2023\/09\/cropped-logo-hd-1.png","contentUrl":"https:\/\/bestvision.it\/wp-content\/uploads\/2023\/09\/cropped-logo-hd-1.png","width":568,"height":562,"caption":"Bestvision Italia"},"image":{"@id":"https:\/\/bestvision.it\/fr\/#\/schema\/logo\/image\/"}}]}},"_links":{"self":[{"href":"https:\/\/bestvision.it\/fr\/wp-json\/wp\/v2\/pages\/1965","targetHints":{"allow":["GET"]}}],"collection":[{"href":"https:\/\/bestvision.it\/fr\/wp-json\/wp\/v2\/pages"}],"about":[{"href":"https:\/\/bestvision.it\/fr\/wp-json\/wp\/v2\/types\/page"}],"author":[{"embeddable":true,"href":"https:\/\/bestvision.it\/fr\/wp-json\/wp\/v2\/users\/1"}],"replies":[{"embeddable":true,"href":"https:\/\/bestvision.it\/fr\/wp-json\/wp\/v2\/comments?post=1965"}],"version-history":[{"count":2,"href":"https:\/\/bestvision.it\/fr\/wp-json\/wp\/v2\/pages\/1965\/revisions"}],"predecessor-version":[{"id":2395,"href":"https:\/\/bestvision.it\/fr\/wp-json\/wp\/v2\/pages\/1965\/revisions\/2395"}],"wp:attachment":[{"href":"https:\/\/bestvision.it\/fr\/wp-json\/wp\/v2\/media?parent=1965"}],"curies":[{"name":"wp","href":"https:\/\/api.w.org\/{rel}","templated":true}]}}