{"id":2198,"date":"2023-09-28T20:11:50","date_gmt":"2023-09-28T20:11:50","guid":{"rendered":"https:\/\/bestvision.it\/privacy-policies\/"},"modified":"2023-10-07T15:43:48","modified_gmt":"2023-10-07T15:43:48","slug":"privacy-policies","status":"publish","type":"page","link":"https:\/\/bestvision.it\/it\/privacy-policies\/","title":{"rendered":"Politiche sulla privacy"},"content":{"rendered":"\t\t<div data-elementor-type=\"wp-page\" data-elementor-id=\"2198\" class=\"elementor elementor-2198 elementor-1551\">\n\t\t\t\t<div class=\"elementor-element elementor-element-b3e74f0 e-flex e-con-boxed e-con e-parent\" data-id=\"b3e74f0\" data-element_type=\"container\" data-e-type=\"container\">\n\t\t\t\t\t<div class=\"e-con-inner\">\n\t\t\t\t<div class=\"elementor-element elementor-element-b929d8c elementor-widget elementor-widget-text-editor\" data-id=\"b929d8c\" data-element_type=\"widget\" data-e-type=\"widget\" data-widget_type=\"text-editor.default\">\n\t\t\t\t<div class=\"elementor-widget-container\">\n\t\t\t\t\t\t\t\t\t<h2 class=\"wp-block-heading\">Politiche sulla privacy<\/h2><p><b>POLITICA DEI DATI<\/b><\/p><p>Oggetto: Informativa Ai sensi dell&#8217;art. 13 del Regolamento (UE) 679\/2016 e della normativa di ciascuno Stato membro dell&#8217;UE.<br \/>Ai sensi dell&#8217;art. 13 del Regolamento UE n.2016\/679 (di seguito \u201cGDPR 2016\/679\u201d) e della normativa di ciascuno Stato membro dell\u2019Unione Europea (di seguito \u201cCodice Privacy\u201d), recante disposizioni a tutela delle persone e di altri soggetti rispetto al trattamento dei dati personali desideriamo informarLa che i dati personali da Lei forniti formeranno oggetto di trattamento nel rispetto della normativa sopra richiamata e degli obblighi di riservatezza rispetto ai quali tutte le societ\u00e0 appartenenti al GRUPPO BEST VISION sono tenute al rispetto.<\/p><p><b>Quali dati trattiamo?<\/b><\/p><ul><li>Dati inseriti compilando il modulo di registrazione (nome, cognome, indirizzo e indirizzo email, numero di telefono e cellulare) e i dati relativi al tuo percorso professionale o quelle informazioni che hai comunicato nel tuo curriculum nonch\u00e9 riguardanti il tuo stato di salute;<\/li><li>Dati relativi alla navigazione sul nostro sito web, es. dati relativi al traffico, ubicazione, visite al sito web, blog, indirizzo IP, sistema operativo e browser utilizzati, cookie;<\/li><li>Dati che ci fornisci via e-mail, sondaggio, nonch\u00e9 tramite i nostri moduli di contatto o tramite LinkedIn.<\/li><\/ul><p><b>Perch\u00e9 abbiamo bisogno dei tuoi dati?<\/b><\/p><p>Utilizziamo i tuoi dati per dar seguito ad un tuo eventuale colloquio per una posizione vacante in azienda e per la gestione del rapporto di lavoro e per finalit\u00e0 commerciali.<br \/>I tuoi dati sono trattati specificatamente per:<\/p><ol><li>Le attivit\u00e0 riguardanti l&#8217;intermediazione tra domanda e offerta di lavoro<\/li><li>Le attivit\u00e0 con finalit\u00e0 commerciali, l&#8217;invio di informazioni e newsletter.<\/li><li>La condivisione dei Suoi dati con i nostri clienti in Svizzera e paesi terzi che sono alla ricerca di personale nonch\u00e9 con quei soggetti pubblici e privati da cui il titolare \u00e8 stato incaricato di una delle attivit\u00e0 di cui al punto 1). Inoltre, i tuoi dati vengono trasmessi a organizzazioni e privati in Svizzera e in paesi terzi che supportano il titolare nella fornitura di servizi (come servizi di rete, software, pubblicit\u00e0, ecc.).<\/li><li>La condivisione dei tuoi dati con le autorit\u00e0 di polizia in caso di abuso osservato.<\/li><\/ol><p>Base giuridica di tale attivit\u00e0 \u00e8 l&#8217;adempimento di esigenze precontrattuali e contrattuali legate al servizio nonch\u00e9 l&#8217;esistenza di specifici obblighi di legge.<\/p><p><b>Come trattiamo i tuoi dati personali?<\/b><\/p><p>Il trattamento dei Suoi dati personali \u00e8 effettuato o in formato digitale o cartaceo da alcuni soggetti a ci\u00f2 internamente autorizzati e formati. Il trattamento di tali dati non comporta un processo decisionale automatizzato ma comporta attivit\u00e0 di profilazione per le attivit\u00e0 legate alla navigazione nel sito attraverso strumenti tecnici quali i cookie.<\/p><p><b>Per quanto tempo vengono archiviati i tuoi dati?<\/b><\/p><p>I tuoi dati personali saranno conservati per il tempo necessario all&#8217;adempimento degli adempimenti relativi alla gestione del contratto nonch\u00e9 di ogni obbligo legale conseguente. I dati memorizzati sul sito web del titolare verranno cancellati dopo 60 mesi di inattivit\u00e0. 6 mesi prima della data di scadenza riceverai una notifica via email.<br \/>I dati di coloro che non acquistano o usufruiscono di prodotti\/servizi, anche se hanno avuto un precedente contatto con rappresentanti dell&#8217;azienda, saranno immediatamente cancellati o trattati in forma anonima, ove la loro conservazione non sia altrimenti giustificata, a meno che non sia stata validamente acquisita l&#8217;informativa consenso degli interessati in merito ad una successiva attivit\u00e0 di promozione commerciale o ricerca di mercato.<br \/>Il periodo massimo di conservazione dei dati \u00e8 di 10 anni.<\/p><p><b>Cosa succede se non ci fornisci i tuoi dati?<\/b><\/p><p>Il conferimento dei dati \u00e8 obbligatorio per tutto quanto richiesto dagli obblighi legali e contrattuali e pertanto l&#8217;eventuale rifiuto di fornirli in tutto o in parte potr\u00e0 dar luogo all&#8217;impossibilit\u00e0 di fornire i servizi richiesti dal titolare. La societ\u00e0 tratta i dati facoltativi degli utenti in base al loro consenso ovvero mediante l&#8217;approvazione esplicita della presente privacy policy e in relazione alle modalit\u00e0 e finalit\u00e0 di seguito descritte.<\/p><p><b>Quali sono i tuoi diritti?<\/b><\/p><p>Ai sensi del Regolamento europeo 679\/2016 (GDPR) e della normativa nazionale, l\u2019interessato pu\u00f2, secondo le modalit\u00e0 e nei limiti previsti dalla vigente normativa, esercitare i seguenti diritti:<\/p><ul><li>Richiedere la conferma del trattamento dei tuoi dati personali;<\/li><li>Conoscere l&#8217;origine, le finalit\u00e0 del trattamento;<\/li><li>La possibilit\u00e0 di aggiornare e rettificare i tuoi dati al fine di garantirne l&#8217;accuratezza;<\/li><li>La possibilit\u00e0 di cancellare, nella misura consentita, i propri dati personali nonch\u00e9 di limitarne il trattamento;<\/li><li>Richiedere l&#8217;aggiornamento, la rettifica, l&#8217;integrazione, la cancellazione, la trasformazione in forma anonima, il blocco dei dati trattati in violazione di legge, compresi quelli non pi\u00f9 necessari al perseguimento degli scopi per i quali sono stati raccolti;<\/li><li>Il diritto di proporre reclamo all\u2019autorit\u00e0 di controllo.<\/li><\/ul><p>Il titolare del trattamento dei tuoi dati personali \u00e8 Best Vision Group.<\/p><p><b>Importanti informazioni legali e termini di utilizzo<\/b><\/p><p>Coloro che accedono Coloro che accedono a questo sito Web sono pregati di leggere sia il contenuto di questa pagina che il disclaimer. Si dichiarano d&#8217;accordo con le seguenti condizioni d&#8217;uso, restrizioni e restrizioni legali. Chi non accetta quanto sopra non deve accedere n\u00e9 al sito Web di Best Vision Ltd. (Best Vision) (di seguito sito BestVision) n\u00e9 ad alcuna delle pagine e dei relativi collegamenti.<\/p><p><b>Utilizzo del sito Best Vision<\/b><\/p><p>Il sito Best Vision \u00e8 coperto da copyright. \u00c8 possibile scaricare o stampare dal sito purch\u00e9 il copyright non venga rimosso. Senza il consenso scritto di Best Vision, \u00e8 vietata la riproduzione (totale o parziale), il trasferimento, la modifica, la creazione di link o l&#8217;utilizzo del sito Best Vision per qualsiasi uso pubblico, privato o commerciale.<br \/>Di tanto in tanto, Best Vision potr\u00e0 modificare sia i contenuti di questa pagina che i termini del disclaimer. Si prega pertanto di rivederli di tanto in tanto. L&#8217;accesso continuato a questo sito Web o la creazione di un collegamento a questo sito Web dopo la pubblicazione di modifiche a uno di essi o entrambi costituir\u00e0 l&#8217;accettazione delle stesse, cos\u00ec come modificate. Se, in qualsiasi momento, non desideri accettare sia il contenuto di questa pagina, sia la clausola di esclusione della responsabilit\u00e0, o entrambi, devi interrompere l&#8217;accesso o il collegamento a questo sito Web.<br \/>Qualora l&#8217;utilizzo di questo sito Web crei un rapporto giuridico tra le persone che accedono a questo sito Web e Best Vision, questo sar\u00e0 soggetto al diritto svizzero.<\/p><p><b>Politica sui cookie sui siti BestVision\u00ae<\/b><\/p><p>Best Vision utilizza cookies HTTP al fine di semplificare l&#8217;uso dei propri siti internet. La presente informativa ha lo scopo di informarti sull&#8217;utilizzo dei cookie sui nostri siti internet.<\/p><p><b>Cosa sono i cookie?<\/b><\/p><p>I cookie sono piccole porzioni di dati inviate da un sito Web e archiviate nel browser Web di un utente mentre l&#8217;utente naviga in quel sito Web. Permettono di raccogliere un insieme di informazioni con l&#8217;obiettivo di migliorare i servizi accessibili tramite i nostri siti Internet.<\/p><p>Con queste informazioni \u00e8 possibile analizzare il traffico sui nostri siti Internet (numero di visite, indirizzi IP, ecc.).<\/p><p>Queste informazioni vengono raccolte quando visiti il nostro sito web e ci consentono di sapere quali parti delle nostre pagine interessano di pi\u00f9 ai nostri visitatori del sito. Possiamo cos\u00ec conoscere meglio le loro esigenze e migliorare i contenuti del nostro sito fornendo le informazioni pi\u00f9 adatte.<\/p><p><b>Come gestire i cookie.<\/b><\/p><p>La procedura da seguire per la parametrizzazione dei cookies dipende dal browser internet che utilizzate.<br \/>Puoi decidere tu stesso se il nostro sito web \u00e8 autorizzato a utilizzare i cookie sul tuo computer. Hai la possibilit\u00e0 in qualsiasi momento di impostare le opzioni del tuo browser in modo tale che nessun cookie venga accettato e memorizzato. Hai anche la possibilit\u00e0 di visualizzare un messaggio di avviso ogni volta prima che un cookie venga accettato.<\/p><p><b>Posso rifiutare l&#8217;uso dei cookie?<\/b><\/p><p>Puoi rifiutare di consentire ai nostri siti Internet di utilizzare i cookie quando li visiti.<\/p><p>Tuttavia, l&#8217;utilizzo di determinate funzioni del nostro sito Web pu\u00f2 essere limitato o disattivato se rifiutate i cookie del nostro sito Internet.<\/p>\t\t\t\t\t\t\t\t<\/div>\n\t\t\t\t<\/div>\n\t\t\t\t\t<\/div>\n\t\t\t\t<\/div>\n\t\t\t\t<\/div>\n\t\t","protected":false},"excerpt":{"rendered":"<p>Politiche sulla privacy POLITICA DEI DATI Oggetto: Informativa Ai sensi dell&#8217;art. 13 del Regolamento (UE) 679\/2016 e della normativa di ciascuno Stato membro dell&#8217;UE.Ai sensi dell&#8217;art. 13 del Regolamento UE n.2016\/679 (di seguito \u201cGDPR 2016\/679\u201d) e della normativa di ciascuno Stato membro dell\u2019Unione Europea (di seguito \u201cCodice Privacy\u201d), recante disposizioni a tutela delle persone e [&hellip;]<\/p>\n","protected":false},"author":1,"featured_media":0,"parent":0,"menu_order":0,"comment_status":"closed","ping_status":"closed","template":"","meta":{"footnotes":""},"class_list":["post-2198","page","type-page","status-publish","hentry"],"yoast_head":"<!-- This site is optimized with the Yoast SEO plugin v27.4 - https:\/\/yoast.com\/product\/yoast-seo-wordpress\/ -->\n<title>Politiche sulla privacy - Bestvision Italia<\/title>\n<meta name=\"robots\" content=\"index, follow, max-snippet:-1, max-image-preview:large, max-video-preview:-1\" \/>\n<link rel=\"canonical\" href=\"https:\/\/bestvision.it\/it\/privacy-policies\/\" \/>\n<meta property=\"og:locale\" content=\"it_IT\" \/>\n<meta property=\"og:type\" content=\"article\" \/>\n<meta property=\"og:title\" content=\"Politiche sulla privacy - Bestvision Italia\" \/>\n<meta property=\"og:description\" content=\"Politiche sulla privacy POLITICA DEI DATI Oggetto: Informativa Ai sensi dell&#8217;art. 13 del Regolamento (UE) 679\/2016 e della normativa di ciascuno Stato membro dell&#8217;UE.Ai sensi dell&#8217;art. 13 del Regolamento UE n.2016\/679 (di seguito \u201cGDPR 2016\/679\u201d) e della normativa di ciascuno Stato membro dell\u2019Unione Europea (di seguito \u201cCodice Privacy\u201d), recante disposizioni a tutela delle persone e [&hellip;]\" \/>\n<meta property=\"og:url\" content=\"https:\/\/bestvision.it\/it\/privacy-policies\/\" \/>\n<meta property=\"og:site_name\" content=\"Bestvision Italia\" \/>\n<meta property=\"article:modified_time\" content=\"2023-10-07T15:43:48+00:00\" \/>\n<meta name=\"twitter:card\" content=\"summary_large_image\" \/>\n<meta name=\"twitter:label1\" content=\"Tempo di lettura stimato\" \/>\n\t<meta name=\"twitter:data1\" content=\"6 minuti\" \/>\n<script type=\"application\/ld+json\" class=\"yoast-schema-graph\">{\"@context\":\"https:\\\/\\\/schema.org\",\"@graph\":[{\"@type\":\"WebPage\",\"@id\":\"https:\\\/\\\/bestvision.it\\\/it\\\/privacy-policies\\\/\",\"url\":\"https:\\\/\\\/bestvision.it\\\/it\\\/privacy-policies\\\/\",\"name\":\"Politiche sulla privacy - Bestvision Italia\",\"isPartOf\":{\"@id\":\"https:\\\/\\\/bestvision.it\\\/it\\\/#website\"},\"datePublished\":\"2023-09-28T20:11:50+00:00\",\"dateModified\":\"2023-10-07T15:43:48+00:00\",\"breadcrumb\":{\"@id\":\"https:\\\/\\\/bestvision.it\\\/it\\\/privacy-policies\\\/#breadcrumb\"},\"inLanguage\":\"it-IT\",\"potentialAction\":[{\"@type\":\"ReadAction\",\"target\":[\"https:\\\/\\\/bestvision.it\\\/it\\\/privacy-policies\\\/\"]}]},{\"@type\":\"BreadcrumbList\",\"@id\":\"https:\\\/\\\/bestvision.it\\\/it\\\/privacy-policies\\\/#breadcrumb\",\"itemListElement\":[{\"@type\":\"ListItem\",\"position\":1,\"name\":\"Home\",\"item\":\"https:\\\/\\\/bestvision.it\\\/it\\\/\"},{\"@type\":\"ListItem\",\"position\":2,\"name\":\"Politiche sulla privacy\"}]},{\"@type\":\"WebSite\",\"@id\":\"https:\\\/\\\/bestvision.it\\\/it\\\/#website\",\"url\":\"https:\\\/\\\/bestvision.it\\\/it\\\/\",\"name\":\"Bestvision Italia\",\"description\":\"Leader in Innovation and Excellence in Industry and Manufacturing in Italy\",\"publisher\":{\"@id\":\"https:\\\/\\\/bestvision.it\\\/it\\\/#organization\"},\"potentialAction\":[{\"@type\":\"SearchAction\",\"target\":{\"@type\":\"EntryPoint\",\"urlTemplate\":\"https:\\\/\\\/bestvision.it\\\/it\\\/?s={search_term_string}\"},\"query-input\":{\"@type\":\"PropertyValueSpecification\",\"valueRequired\":true,\"valueName\":\"search_term_string\"}}],\"inLanguage\":\"it-IT\"},{\"@type\":\"Organization\",\"@id\":\"https:\\\/\\\/bestvision.it\\\/it\\\/#organization\",\"name\":\"Bestvision Italia\",\"url\":\"https:\\\/\\\/bestvision.it\\\/it\\\/\",\"logo\":{\"@type\":\"ImageObject\",\"inLanguage\":\"it-IT\",\"@id\":\"https:\\\/\\\/bestvision.it\\\/it\\\/#\\\/schema\\\/logo\\\/image\\\/\",\"url\":\"https:\\\/\\\/bestvision.it\\\/wp-content\\\/uploads\\\/2023\\\/09\\\/cropped-logo-hd-1.png\",\"contentUrl\":\"https:\\\/\\\/bestvision.it\\\/wp-content\\\/uploads\\\/2023\\\/09\\\/cropped-logo-hd-1.png\",\"width\":568,\"height\":562,\"caption\":\"Bestvision Italia\"},\"image\":{\"@id\":\"https:\\\/\\\/bestvision.it\\\/it\\\/#\\\/schema\\\/logo\\\/image\\\/\"}}]}<\/script>\n<!-- \/ Yoast SEO plugin. -->","yoast_head_json":{"title":"Politiche sulla privacy - Bestvision Italia","robots":{"index":"index","follow":"follow","max-snippet":"max-snippet:-1","max-image-preview":"max-image-preview:large","max-video-preview":"max-video-preview:-1"},"canonical":"https:\/\/bestvision.it\/it\/privacy-policies\/","og_locale":"it_IT","og_type":"article","og_title":"Politiche sulla privacy - Bestvision Italia","og_description":"Politiche sulla privacy POLITICA DEI DATI Oggetto: Informativa Ai sensi dell&#8217;art. 13 del Regolamento (UE) 679\/2016 e della normativa di ciascuno Stato membro dell&#8217;UE.Ai sensi dell&#8217;art. 13 del Regolamento UE n.2016\/679 (di seguito \u201cGDPR 2016\/679\u201d) e della normativa di ciascuno Stato membro dell\u2019Unione Europea (di seguito \u201cCodice Privacy\u201d), recante disposizioni a tutela delle persone e [&hellip;]","og_url":"https:\/\/bestvision.it\/it\/privacy-policies\/","og_site_name":"Bestvision Italia","article_modified_time":"2023-10-07T15:43:48+00:00","twitter_card":"summary_large_image","twitter_misc":{"Tempo di lettura stimato":"6 minuti"},"schema":{"@context":"https:\/\/schema.org","@graph":[{"@type":"WebPage","@id":"https:\/\/bestvision.it\/it\/privacy-policies\/","url":"https:\/\/bestvision.it\/it\/privacy-policies\/","name":"Politiche sulla privacy - Bestvision Italia","isPartOf":{"@id":"https:\/\/bestvision.it\/it\/#website"},"datePublished":"2023-09-28T20:11:50+00:00","dateModified":"2023-10-07T15:43:48+00:00","breadcrumb":{"@id":"https:\/\/bestvision.it\/it\/privacy-policies\/#breadcrumb"},"inLanguage":"it-IT","potentialAction":[{"@type":"ReadAction","target":["https:\/\/bestvision.it\/it\/privacy-policies\/"]}]},{"@type":"BreadcrumbList","@id":"https:\/\/bestvision.it\/it\/privacy-policies\/#breadcrumb","itemListElement":[{"@type":"ListItem","position":1,"name":"Home","item":"https:\/\/bestvision.it\/it\/"},{"@type":"ListItem","position":2,"name":"Politiche sulla privacy"}]},{"@type":"WebSite","@id":"https:\/\/bestvision.it\/it\/#website","url":"https:\/\/bestvision.it\/it\/","name":"Bestvision Italia","description":"Leader in Innovation and Excellence in Industry and Manufacturing in Italy","publisher":{"@id":"https:\/\/bestvision.it\/it\/#organization"},"potentialAction":[{"@type":"SearchAction","target":{"@type":"EntryPoint","urlTemplate":"https:\/\/bestvision.it\/it\/?s={search_term_string}"},"query-input":{"@type":"PropertyValueSpecification","valueRequired":true,"valueName":"search_term_string"}}],"inLanguage":"it-IT"},{"@type":"Organization","@id":"https:\/\/bestvision.it\/it\/#organization","name":"Bestvision Italia","url":"https:\/\/bestvision.it\/it\/","logo":{"@type":"ImageObject","inLanguage":"it-IT","@id":"https:\/\/bestvision.it\/it\/#\/schema\/logo\/image\/","url":"https:\/\/bestvision.it\/wp-content\/uploads\/2023\/09\/cropped-logo-hd-1.png","contentUrl":"https:\/\/bestvision.it\/wp-content\/uploads\/2023\/09\/cropped-logo-hd-1.png","width":568,"height":562,"caption":"Bestvision Italia"},"image":{"@id":"https:\/\/bestvision.it\/it\/#\/schema\/logo\/image\/"}}]}},"_links":{"self":[{"href":"https:\/\/bestvision.it\/it\/wp-json\/wp\/v2\/pages\/2198","targetHints":{"allow":["GET"]}}],"collection":[{"href":"https:\/\/bestvision.it\/it\/wp-json\/wp\/v2\/pages"}],"about":[{"href":"https:\/\/bestvision.it\/it\/wp-json\/wp\/v2\/types\/page"}],"author":[{"embeddable":true,"href":"https:\/\/bestvision.it\/it\/wp-json\/wp\/v2\/users\/1"}],"replies":[{"embeddable":true,"href":"https:\/\/bestvision.it\/it\/wp-json\/wp\/v2\/comments?post=2198"}],"version-history":[{"count":5,"href":"https:\/\/bestvision.it\/it\/wp-json\/wp\/v2\/pages\/2198\/revisions"}],"predecessor-version":[{"id":2208,"href":"https:\/\/bestvision.it\/it\/wp-json\/wp\/v2\/pages\/2198\/revisions\/2208"}],"wp:attachment":[{"href":"https:\/\/bestvision.it\/it\/wp-json\/wp\/v2\/media?parent=2198"}],"curies":[{"name":"wp","href":"https:\/\/api.w.org\/{rel}","templated":true}]}}