{"id":2225,"date":"2023-09-28T20:16:41","date_gmt":"2023-09-28T20:16:41","guid":{"rendered":"https:\/\/bestvision.it\/responsibility\/"},"modified":"2023-10-07T15:54:06","modified_gmt":"2023-10-07T15:54:06","slug":"responsibility","status":"publish","type":"page","link":"https:\/\/bestvision.it\/it\/responsibility\/","title":{"rendered":"Responsabilit\u00e0"},"content":{"rendered":"\t\t<div data-elementor-type=\"wp-page\" data-elementor-id=\"2225\" class=\"elementor elementor-2225 elementor-1561\">\n\t\t\t\t<div class=\"elementor-element elementor-element-e020f49 e-flex e-con-boxed e-con e-parent\" data-id=\"e020f49\" data-element_type=\"container\" data-e-type=\"container\">\n\t\t\t\t\t<div class=\"e-con-inner\">\n\t\t\t\t<div class=\"elementor-element elementor-element-6685d49 elementor-widget elementor-widget-text-editor\" data-id=\"6685d49\" data-element_type=\"widget\" data-e-type=\"widget\" data-widget_type=\"text-editor.default\">\n\t\t\t\t<div class=\"elementor-widget-container\">\n\t\t\t\t\t\t\t\t\t<h1 class=\"wp-block-heading\">Responsabilit\u00e0<\/h1><p><b>Termini e condizioni d&#8217;uso<\/b><\/p><p>Il sito bestvision.group \u00e8 di propriet\u00e0 esclusiva di Best Vision Group, (di seguito denominato \u201cBest Vision\u201d o \u201cBest Vision Group\u201d). L&#8217;accesso e la navigazione nel sito da parte dei singoli utenti sono gratuiti e subordinati all&#8217;accettazione dei termini e delle condizioni delle presenti note legali. L&#8217;utente riconosce e, in ogni caso, accetta: (i) che Best Vision si riserva il diritto di modificare in qualsiasi momento i termini e le condizioni delle presenti note legali, comunicando le modifiche agli utenti mediante avviso generale allegato al sito o mediante un link al presente avviso e (ii) che, dal momento di ciascun avviso generale ora richiamato, le note legali modificate costituiranno i nuovi termini e condizioni per l&#8217;accesso e la navigazione nel Sito (le presenti note legali, cos\u00ec come via via \u201cNote Legali\u201d sono soggette a continue eventuali modifiche).<\/p><p><b>Legge applicabile<\/b><\/p><p>Per l&#8217;Europa le note legali sono regolate dalla legge svizzera, Tribunale di Ginevra. Per l&#8217;America le note legali sono regolate dalla legge degli Stati Uniti d&#8217;America, Tribunale di Miami.<br \/>Per l&#8217;Africa le note legali sono regolate dalla legge svizzera, Tribunale di Ginevra.<br \/>Per l&#8217;Asia le note legali sono regolate dalla legge svizzera, Tribunale di Ginevra.<br \/>Per l&#8217;Australia, le note legali sono regolate dalla legge degli Stati Uniti d&#8217;America, Tribunale di Miami.<\/p><p><b>Diritti di propriet\u00e0 intellettuale<\/b><\/p><ul><li>I contenuti del Sito, a titolo esemplificativo e non esaustivo, le opere, le immagini, le fotografie, i dialoghi, le musiche, i suoni, i video, i testi ed ogni altro materiale in qualsiasi formato, ivi compresi, a titolo esemplificativo e non esaustivo, menu, pagine web, grafica, colori, schemi, strumenti, caratteri, design, diagrammi, disegni, metodi, processi, funzioni e software (singolarmente e\/o collettivamente &#8216;Contenuti&#8217;) ed i segni e\/o relativi loghi distintivi sono di propriet\u00e0 esclusiva di BestVision o nella sua esclusiva disponibilit\u00e0, ed in nessun caso potranno essere utilizzati in alcun modo e\/o forma senza il preventivo consenso scritto di Best Vision.<\/li><li>Salvo diversa indicazione espressa sul Sito, i contenuti possono essere guardati e\/o ascoltati solo in modalit\u00e0 &#8216;Streaming&#8217;. Per &#8216;Streaming&#8217; si intende la modalit\u00e0 di visualizzazione e\/o ascolto dei contenuti in tempo reale senza necessit\u00e0 e\/o possibilit\u00e0 di riproduzione, temporanea o permanente, distribuzione, ridistribuzione, comunicazione al pubblico o altra utilizzazione, in qualsiasi forma o forma diversa dallo &#8216;Streaming&#8217; qui definito.<\/li><li>Nel caso in cui sul Sito siano forniti codici di collegamento relativi a contenuti specifici, tali codici potranno essere utilizzati dagli utenti solo per proprio uso diretto, personale e privato e purch\u00e9 il suddetto utilizzo non avvenga per finalit\u00e0 di tipo diretto o indiretto.<\/li><li>Qualsiasi utilizzo di codici e\/o contenuti in violazione dei limiti indicati nelle Note Legali, o comunque contrario alla legge, \u00e8 illegale e, pertanto, sar\u00e0 punito da Best Vision.<\/li><li>I marchi registrati e i loghi &#8220;Best Vision&#8221;, compreso il dominio del nome &#8220;bestvision.group&#8221;, sono disponibili esclusivamente per le societ\u00e0 del gruppo BestVision. Tali marchi, loghi e domini non possono essere utilizzati in alcun modo senza il preventivo consenso scritto di Best Vision.<\/li><\/ul><p><b>Collegamenti ad altri siti web<\/b><\/p><ul><li>Il Sito pu\u00f2 contenere collegamenti testuali (i &#8216;link&#8217;) ad altri siti web che non hanno alcun collegamento con il Sito. Best Vision non controlla n\u00e9 supervisiona questi siti web, i loro contenuti e le loro regole.<\/li><li>L&#8217;eventuale collegamento ad altri siti web non deve essere inteso in alcun modo come attivit\u00e0 di Best Vision volta a promuovere gli stessi e\/o il contenuto sugli stessi pubblicato.<\/li><\/ul><p><b>Cookies<\/b><\/p><p>Il Sito potrebbe contenere cookies di sessione (che non vengono memorizzati in modo persistente sul computer dell&#8217;utente e svaniscono con la chiusura del browser) per consentire agli utenti una migliore fruizione del Sito. Per ricevere i cookie puoi configurare il tuo browser con l&#8217;intenzione di essere avvisato della presenza di cookie e quindi decidere se accettarli o meno.<br \/>Anche il browser pu\u00f2 essere configurato per rifiutare automaticamente tutti i cookie; in tal caso, tuttavia, \u00e8 possibile che l&#8217;utente non possa accedere a tutti i servizi disponibili sul Sito.<\/p><p><b>Limitazioni di responsabilit\u00e0<\/b><\/p><ul><li>L&#8217;utente riconosce e accetta che il suo accesso e la navigazione nel Sito avviene sotto il suo rischio e sotto la sua esclusiva responsabilit\u00e0.<\/li><li>L&#8217;utente riconosce e accetta inoltre che il Sito viene fornito &#8220;cos\u00ec com&#8217;\u00e8&#8221; e &#8220;come disponibile&#8221; e che potrebbe essere temporaneamente inaccessibile o contenere attuali difetti o ritardi.<\/li><li>Best Vision non si assume alcuna responsabilit\u00e0 in merito ai contenuti, ai materiali e\/o alle informazioni immesse nel Sito dagli utenti negli spazi virtuali che Best Vision mette a disposizione degli utenti per l&#8217;interazione con il Sito (\u201cContenuti Utente\u201d).<\/li><li>Best Vision non sar\u00e0 responsabile per eventuali perdite o danni derivanti da o correlati in qualsiasi modo all&#8217;uso o al funzionamento del Sito, inclusi, tra gli altri, danni per perdita di affari, perdita di profitti, interruzione dell&#8217;attivit\u00e0, perdita di informazioni commerciali e \/ o qualsiasi altro tipo di perdita pecuniaria, salvo i casi di cattiva condotta intenzionale o colpa grave di Best Vision.<\/li><\/ul><p><b>Segnalazione di abuso<\/b><\/p><ul><li>Gli utenti che abbiano individuato qualsiasi Contenuto d&#8217;utente che ritengano illegale, inappropriato, offensivo o volgare devono informare immediatamente Best Vision, compilando il modulo di segnalazione abusi disponibile sul Sito, in fondo alla home page.<\/li><li>L&#8217;utente \u00e8 invitato ad un uso responsabile dei propri report. Le segnalazioni che si rivelassero infondate e\/o illegittime saranno per te fonte di responsabilit\u00e0.<\/li><\/ul><p><b>Legge applicabile<\/b><\/p><p>Le note legali sono regolate dalla legge svizzera, Tribunale di Ginevra.<\/p><p><b>Best Vision Group<\/b><\/p>\t\t\t\t\t\t\t\t<\/div>\n\t\t\t\t<\/div>\n\t\t\t\t\t<\/div>\n\t\t\t\t<\/div>\n\t\t\t\t<\/div>\n\t\t","protected":false},"excerpt":{"rendered":"<p>Responsabilit\u00e0 Termini e condizioni d&#8217;uso Il sito bestvision.group \u00e8 di propriet\u00e0 esclusiva di Best Vision Group, (di seguito denominato \u201cBest Vision\u201d o \u201cBest Vision Group\u201d). L&#8217;accesso e la navigazione nel sito da parte dei singoli utenti sono gratuiti e subordinati all&#8217;accettazione dei termini e delle condizioni delle presenti note legali. L&#8217;utente riconosce e, in ogni [&hellip;]<\/p>\n","protected":false},"author":1,"featured_media":0,"parent":0,"menu_order":0,"comment_status":"closed","ping_status":"closed","template":"","meta":{"footnotes":""},"class_list":["post-2225","page","type-page","status-publish","hentry"],"yoast_head":"<!-- This site is optimized with the Yoast SEO plugin v27.4 - https:\/\/yoast.com\/product\/yoast-seo-wordpress\/ -->\n<title>Responsabilit\u00e0 - Bestvision Italia<\/title>\n<meta name=\"robots\" content=\"index, follow, max-snippet:-1, max-image-preview:large, max-video-preview:-1\" \/>\n<link rel=\"canonical\" href=\"https:\/\/bestvision.it\/it\/responsibility\/\" \/>\n<meta property=\"og:locale\" content=\"it_IT\" \/>\n<meta property=\"og:type\" content=\"article\" \/>\n<meta property=\"og:title\" content=\"Responsabilit\u00e0 - Bestvision Italia\" \/>\n<meta property=\"og:description\" content=\"Responsabilit\u00e0 Termini e condizioni d&#8217;uso Il sito bestvision.group \u00e8 di propriet\u00e0 esclusiva di Best Vision Group, (di seguito denominato \u201cBest Vision\u201d o \u201cBest Vision Group\u201d). L&#8217;accesso e la navigazione nel sito da parte dei singoli utenti sono gratuiti e subordinati all&#8217;accettazione dei termini e delle condizioni delle presenti note legali. L&#8217;utente riconosce e, in ogni [&hellip;]\" \/>\n<meta property=\"og:url\" content=\"https:\/\/bestvision.it\/it\/responsibility\/\" \/>\n<meta property=\"og:site_name\" content=\"Bestvision Italia\" \/>\n<meta property=\"article:modified_time\" content=\"2023-10-07T15:54:06+00:00\" \/>\n<meta name=\"twitter:card\" content=\"summary_large_image\" \/>\n<meta name=\"twitter:label1\" content=\"Tempo di lettura stimato\" \/>\n\t<meta name=\"twitter:data1\" content=\"4 minuti\" \/>\n<script type=\"application\/ld+json\" class=\"yoast-schema-graph\">{\"@context\":\"https:\\\/\\\/schema.org\",\"@graph\":[{\"@type\":\"WebPage\",\"@id\":\"https:\\\/\\\/bestvision.it\\\/it\\\/responsibility\\\/\",\"url\":\"https:\\\/\\\/bestvision.it\\\/it\\\/responsibility\\\/\",\"name\":\"Responsabilit\u00e0 - Bestvision Italia\",\"isPartOf\":{\"@id\":\"https:\\\/\\\/bestvision.it\\\/it\\\/#website\"},\"datePublished\":\"2023-09-28T20:16:41+00:00\",\"dateModified\":\"2023-10-07T15:54:06+00:00\",\"breadcrumb\":{\"@id\":\"https:\\\/\\\/bestvision.it\\\/it\\\/responsibility\\\/#breadcrumb\"},\"inLanguage\":\"it-IT\",\"potentialAction\":[{\"@type\":\"ReadAction\",\"target\":[\"https:\\\/\\\/bestvision.it\\\/it\\\/responsibility\\\/\"]}]},{\"@type\":\"BreadcrumbList\",\"@id\":\"https:\\\/\\\/bestvision.it\\\/it\\\/responsibility\\\/#breadcrumb\",\"itemListElement\":[{\"@type\":\"ListItem\",\"position\":1,\"name\":\"Home\",\"item\":\"https:\\\/\\\/bestvision.it\\\/it\\\/\"},{\"@type\":\"ListItem\",\"position\":2,\"name\":\"Responsabilit\u00e0\"}]},{\"@type\":\"WebSite\",\"@id\":\"https:\\\/\\\/bestvision.it\\\/it\\\/#website\",\"url\":\"https:\\\/\\\/bestvision.it\\\/it\\\/\",\"name\":\"Bestvision Italia\",\"description\":\"Leader in Innovation and Excellence in Industry and Manufacturing in Italy\",\"publisher\":{\"@id\":\"https:\\\/\\\/bestvision.it\\\/it\\\/#organization\"},\"potentialAction\":[{\"@type\":\"SearchAction\",\"target\":{\"@type\":\"EntryPoint\",\"urlTemplate\":\"https:\\\/\\\/bestvision.it\\\/it\\\/?s={search_term_string}\"},\"query-input\":{\"@type\":\"PropertyValueSpecification\",\"valueRequired\":true,\"valueName\":\"search_term_string\"}}],\"inLanguage\":\"it-IT\"},{\"@type\":\"Organization\",\"@id\":\"https:\\\/\\\/bestvision.it\\\/it\\\/#organization\",\"name\":\"Bestvision Italia\",\"url\":\"https:\\\/\\\/bestvision.it\\\/it\\\/\",\"logo\":{\"@type\":\"ImageObject\",\"inLanguage\":\"it-IT\",\"@id\":\"https:\\\/\\\/bestvision.it\\\/it\\\/#\\\/schema\\\/logo\\\/image\\\/\",\"url\":\"https:\\\/\\\/bestvision.it\\\/wp-content\\\/uploads\\\/2023\\\/09\\\/cropped-logo-hd-1.png\",\"contentUrl\":\"https:\\\/\\\/bestvision.it\\\/wp-content\\\/uploads\\\/2023\\\/09\\\/cropped-logo-hd-1.png\",\"width\":568,\"height\":562,\"caption\":\"Bestvision Italia\"},\"image\":{\"@id\":\"https:\\\/\\\/bestvision.it\\\/it\\\/#\\\/schema\\\/logo\\\/image\\\/\"}}]}<\/script>\n<!-- \/ Yoast SEO plugin. -->","yoast_head_json":{"title":"Responsabilit\u00e0 - Bestvision Italia","robots":{"index":"index","follow":"follow","max-snippet":"max-snippet:-1","max-image-preview":"max-image-preview:large","max-video-preview":"max-video-preview:-1"},"canonical":"https:\/\/bestvision.it\/it\/responsibility\/","og_locale":"it_IT","og_type":"article","og_title":"Responsabilit\u00e0 - Bestvision Italia","og_description":"Responsabilit\u00e0 Termini e condizioni d&#8217;uso Il sito bestvision.group \u00e8 di propriet\u00e0 esclusiva di Best Vision Group, (di seguito denominato \u201cBest Vision\u201d o \u201cBest Vision Group\u201d). L&#8217;accesso e la navigazione nel sito da parte dei singoli utenti sono gratuiti e subordinati all&#8217;accettazione dei termini e delle condizioni delle presenti note legali. L&#8217;utente riconosce e, in ogni [&hellip;]","og_url":"https:\/\/bestvision.it\/it\/responsibility\/","og_site_name":"Bestvision Italia","article_modified_time":"2023-10-07T15:54:06+00:00","twitter_card":"summary_large_image","twitter_misc":{"Tempo di lettura stimato":"4 minuti"},"schema":{"@context":"https:\/\/schema.org","@graph":[{"@type":"WebPage","@id":"https:\/\/bestvision.it\/it\/responsibility\/","url":"https:\/\/bestvision.it\/it\/responsibility\/","name":"Responsabilit\u00e0 - Bestvision Italia","isPartOf":{"@id":"https:\/\/bestvision.it\/it\/#website"},"datePublished":"2023-09-28T20:16:41+00:00","dateModified":"2023-10-07T15:54:06+00:00","breadcrumb":{"@id":"https:\/\/bestvision.it\/it\/responsibility\/#breadcrumb"},"inLanguage":"it-IT","potentialAction":[{"@type":"ReadAction","target":["https:\/\/bestvision.it\/it\/responsibility\/"]}]},{"@type":"BreadcrumbList","@id":"https:\/\/bestvision.it\/it\/responsibility\/#breadcrumb","itemListElement":[{"@type":"ListItem","position":1,"name":"Home","item":"https:\/\/bestvision.it\/it\/"},{"@type":"ListItem","position":2,"name":"Responsabilit\u00e0"}]},{"@type":"WebSite","@id":"https:\/\/bestvision.it\/it\/#website","url":"https:\/\/bestvision.it\/it\/","name":"Bestvision Italia","description":"Leader in Innovation and Excellence in Industry and Manufacturing in Italy","publisher":{"@id":"https:\/\/bestvision.it\/it\/#organization"},"potentialAction":[{"@type":"SearchAction","target":{"@type":"EntryPoint","urlTemplate":"https:\/\/bestvision.it\/it\/?s={search_term_string}"},"query-input":{"@type":"PropertyValueSpecification","valueRequired":true,"valueName":"search_term_string"}}],"inLanguage":"it-IT"},{"@type":"Organization","@id":"https:\/\/bestvision.it\/it\/#organization","name":"Bestvision Italia","url":"https:\/\/bestvision.it\/it\/","logo":{"@type":"ImageObject","inLanguage":"it-IT","@id":"https:\/\/bestvision.it\/it\/#\/schema\/logo\/image\/","url":"https:\/\/bestvision.it\/wp-content\/uploads\/2023\/09\/cropped-logo-hd-1.png","contentUrl":"https:\/\/bestvision.it\/wp-content\/uploads\/2023\/09\/cropped-logo-hd-1.png","width":568,"height":562,"caption":"Bestvision Italia"},"image":{"@id":"https:\/\/bestvision.it\/it\/#\/schema\/logo\/image\/"}}]}},"_links":{"self":[{"href":"https:\/\/bestvision.it\/it\/wp-json\/wp\/v2\/pages\/2225","targetHints":{"allow":["GET"]}}],"collection":[{"href":"https:\/\/bestvision.it\/it\/wp-json\/wp\/v2\/pages"}],"about":[{"href":"https:\/\/bestvision.it\/it\/wp-json\/wp\/v2\/types\/page"}],"author":[{"embeddable":true,"href":"https:\/\/bestvision.it\/it\/wp-json\/wp\/v2\/users\/1"}],"replies":[{"embeddable":true,"href":"https:\/\/bestvision.it\/it\/wp-json\/wp\/v2\/comments?post=2225"}],"version-history":[{"count":5,"href":"https:\/\/bestvision.it\/it\/wp-json\/wp\/v2\/pages\/2225\/revisions"}],"predecessor-version":[{"id":2244,"href":"https:\/\/bestvision.it\/it\/wp-json\/wp\/v2\/pages\/2225\/revisions\/2244"}],"wp:attachment":[{"href":"https:\/\/bestvision.it\/it\/wp-json\/wp\/v2\/media?parent=2225"}],"curies":[{"name":"wp","href":"https:\/\/api.w.org\/{rel}","templated":true}]}}