{"id":2192,"date":"2023-09-28T20:11:50","date_gmt":"2023-09-28T20:11:50","guid":{"rendered":"https:\/\/bestvision.it\/privacy-policies\/"},"modified":"2023-10-07T15:44:51","modified_gmt":"2023-10-07T15:44:51","slug":"privacy-policies","status":"publish","type":"page","link":"https:\/\/bestvision.it\/pt-pt\/privacy-policies\/","title":{"rendered":"Pol\u00edticas de privacidade"},"content":{"rendered":"\t\t<div data-elementor-type=\"wp-page\" data-elementor-id=\"2192\" class=\"elementor elementor-2192 elementor-1551\">\n\t\t\t\t<div class=\"elementor-element elementor-element-b3e74f0 e-flex e-con-boxed e-con e-parent\" data-id=\"b3e74f0\" data-element_type=\"container\" data-e-type=\"container\">\n\t\t\t\t\t<div class=\"e-con-inner\">\n\t\t\t\t<div class=\"elementor-element elementor-element-b929d8c elementor-widget elementor-widget-text-editor\" data-id=\"b929d8c\" data-element_type=\"widget\" data-e-type=\"widget\" data-widget_type=\"text-editor.default\">\n\t\t\t\t<div class=\"elementor-widget-container\">\n\t\t\t\t\t\t\t\t\t<h2 class=\"wp-block-heading\">Pol\u00edticas de privacidade<\/h2><p><b>POL\u00cdTICA DE DADOS<\/b><\/p><p>Objeto: Informa\u00e7\u00e3o Nos termos do art. 13 do Regulamento (UE) 679\/2016 e legisla\u00e7\u00e3o de cada estado membro da UE.<br \/>Nos termos do art. 13 do Regulamento da UE n.2016\/679 (doravante \u201cGDPR 2016\/679\u201d) e legisla\u00e7\u00e3o de cada Estado membro da UE (doravante \u201cC\u00f3digo de Privacidade\u201d), estabelecendo disposi\u00e7\u00f5es para a prote\u00e7\u00e3o de pessoas e outros sujeitos em rela\u00e7\u00e3o ao processamento de dados pessoais , informamos que os dados pessoais que nos fornecer ser\u00e3o tratados no cumprimento da referida lei e das obriga\u00e7\u00f5es de confidencialidade que todas as empresas pertencentes ao GRUPO BEST VISION est\u00e3o obrigadas a cumprir.<\/p><p><b>Que dados tratamos?<\/b><\/p><ul><li>Dados introduzidos atrav\u00e9s do preenchimento do formul\u00e1rio de registo (nome, apelido, morada e email, n\u00famero de telefone e telem\u00f3vel) e os dados relativos ao seu percurso profissional ou os dados que divulgou no seu curr\u00edculo bem como relativos ao seu estado de sa\u00fade;<\/li><li>Dados relativos \u00e0 navega\u00e7\u00e3o no nosso website, ex. dados relacionados ao tr\u00e1fego, localiza\u00e7\u00e3o, visitas ao site, weblog, endere\u00e7o IP, sistema operacional e navegador utilizado, cookies;<\/li><li>Dados que voc\u00ea nos fornece por e-mail, pesquisa, bem como por meio de nossos m\u00f3dulos de contato ou do LinkedIn.<\/li><\/ul><p><b>Por que precisamos dos seus dados?<\/b><\/p><p>Utilizamos os seus dados para acompanhamento da sua eventual entrevista para uma vaga na empresa e para a gest\u00e3o da rela\u00e7\u00e3o laboral e para fins comerciais.<br \/>Os seus dados s\u00e3o tratados especificamente para:<\/p><ol><li>As atividades relativas \u00e0 intermedia\u00e7\u00e3o entre a oferta e a procura de trabalho<\/li><li>As atividades com fins comerciais, envio de informa\u00e7\u00f5es e newsletters.<\/li><li>A partilha dos seus dados com os nossos clientes na Su\u00ed\u00e7a e pa\u00edses terceiros que procuram pessoal, bem como com os sujeitos p\u00fablicos e privados pelos quais o propriet\u00e1rio foi encarregado de uma das atividades mencionadas no ponto 1). Al\u00e9m disso, os seus dados s\u00e3o transmitidos a organiza\u00e7\u00f5es e particulares na Su\u00ed\u00e7a e em pa\u00edses terceiros que apoiam o propriet\u00e1rio na presta\u00e7\u00e3o de servi\u00e7os, tais como servi\u00e7os de rede, software, publicidade, etc.).<\/li><li>A partilha dos seus dados com as autoridades policiais em caso de qualquer abuso observado.<\/li><\/ol><p>A base legal destas atividades \u00e9 o cumprimento de requisitos pr\u00e9-contratuais e contratuais relacionados com o servi\u00e7o, bem como a exist\u00eancia de obriga\u00e7\u00f5es legais espec\u00edficas.<\/p><p><b>Como tratamos os seus dados pessoais?<\/b><\/p><p>O tratamento dos seus dados pessoais \u00e9 realizado ou digitalmente ou em papel por algumas pessoas internamente autorizadas e treinadas para tal. O tratamento destes dados n\u00e3o inclui a tomada de decis\u00e3o automatizada, mas envolve a defini\u00e7\u00e3o de perfis para as atividades relacionadas com a navega\u00e7\u00e3o no site atrav\u00e9s de ferramentas t\u00e9cnicas como os cookies.<\/p><p><b>Por quanto tempo seus dados ficam armazenados?<\/b><\/p><p>Os seus dados pessoais ser\u00e3o conservados durante o tempo necess\u00e1rio \u00e0 execu\u00e7\u00e3o das tarefas relacionadas com a gest\u00e3o do contrato, bem como de qualquer obriga\u00e7\u00e3o legal da\u00ed resultante. Os dados armazenados no site do propriet\u00e1rio ser\u00e3o eliminados ap\u00f3s 60 meses de inatividade. 6 meses antes da data de expira\u00e7\u00e3o, voc\u00ea receber\u00e1 uma notifica\u00e7\u00e3o por e-mail.<br \/>Os dados de quem n\u00e3o adquirir ou utilizar produtos\/servi\u00e7os, ainda que tenha tido contacto pr\u00e9vio com representantes da empresa, ser\u00e3o imediatamente cancelados ou tratados de forma an\u00f3nima, sempre que a sua preserva\u00e7\u00e3o n\u00e3o se justifique de outra forma, salvo se tiver sido validamente adquirido o informado. consentimento das partes interessadas relativamente a uma posterior promo\u00e7\u00e3o comercial ou atividade de pesquisa de mercado.<br \/>O per\u00edodo m\u00e1ximo de conserva\u00e7\u00e3o dos dados \u00e9 de 10 anos.<\/p><p><b>O que acontece se voc\u00ea n\u00e3o nos fornecer seus dados?<\/b><\/p><p>O fornecimento de dados \u00e9 obrigat\u00f3rio para tudo o que seja exigido pelas obriga\u00e7\u00f5es legais e contratuais e, portanto, qualquer recusa de fornecimento total ou parcial dos mesmos pode originar a impossibilidade de presta\u00e7\u00e3o dos servi\u00e7os solicitados pelo titular. A empresa processa os dados opcionais dos usu\u00e1rios com base no seu consentimento, que se d\u00e1 atrav\u00e9s da aprova\u00e7\u00e3o expl\u00edcita desta pol\u00edtica de privacidade e em rela\u00e7\u00e3o aos m\u00e9todos e finalidades descritos abaixo.<\/p><p><b>Quais s\u00e3o os seus direitos?<\/b><\/p><p>Nos termos do Regulamento Europeu 679\/2016 (RGPD) e da legisla\u00e7\u00e3o nacional, o interessado pode, de acordo com os procedimentos e dentro dos limites estabelecidos pela legisla\u00e7\u00e3o em vigor, exercer os seguintes direitos:<\/p><ul><li>Solicitar a confirma\u00e7\u00e3o do tratamento dos seus dados pessoais;<\/li><li>Conhecer a origem, as finalidades do tratamento;<\/li><li>A possibilidade de atualizar e retificar os seus dados de forma a garantir a sua exatid\u00e3o;<\/li><li>A possibilidade de eliminar, na medida do permitido, os seus dados pessoais, bem como de limitar o tratamento dos mesmos;<\/li><li>Solicitar a atualiza\u00e7\u00e3o, corre\u00e7\u00e3o, integra\u00e7\u00e3o, cancelamento, transforma\u00e7\u00e3o para forma an\u00f3nima, bloqueio dos dados tratados em viola\u00e7\u00e3o da lei, incluindo os que j\u00e1 n\u00e3o sejam necess\u00e1rios \u00e0 prossecu\u00e7\u00e3o dos fins para os quais foram recolhidos;<\/li><li>O direito de apresentar uma reclama\u00e7\u00e3o \u00e0 autoridade de controlo.<\/li><\/ul><p>O titular do tratamento dos seus dados pessoais \u00e9 o Best Vision Group.<\/p><p><b>Informa\u00e7\u00f5es legais importantes e termos de uso<\/b><\/p><p>Pessoas que acessam Pessoas que acessam este site s\u00e3o solicitadas a ler o conte\u00fado desta p\u00e1gina e o aviso legal. Declaram-se de acordo com as seguintes condi\u00e7\u00f5es de utiliza\u00e7\u00e3o, restri\u00e7\u00f5es e restri\u00e7\u00f5es legais. Quem n\u00e3o aceitar o acima exposto n\u00e3o dever\u00e1 aceder ao site da Best Vision Ltd. (Best Vision) (doravante designado por site BestVision) nem a nenhuma das p\u00e1ginas e respetivos links.<\/p><p><b>Uso do site Best Vision<\/b><\/p><p>O site Best Vision \u00e9 protegido por direitos autorais. \u00c9 poss\u00edvel baixar ou imprimir do site desde que os direitos autorais n\u00e3o sejam removidos. Sem o consentimento por escrito da Best Vision, \u00e9 proibida a reprodu\u00e7\u00e3o (total ou parcial), transfer\u00eancia, modifica\u00e7\u00e3o, cria\u00e7\u00e3o de links ou utiliza\u00e7\u00e3o do site Best Vision para qualquer uso p\u00fablico, privado ou comercial.<br \/>De tempos em tempos, a Best Vision pode modificar o conte\u00fado desta p\u00e1gina e os termos do aviso legal. Conseq\u00fcentemente, revise-os de tempos em tempos. Seu acesso continuado a este site ou estabelecimento de um link para este site ap\u00f3s a publica\u00e7\u00e3o de modifica\u00e7\u00f5es em um deles ou em ambos constituir\u00e1 sua aceita\u00e7\u00e3o deles, conforme modificados. Se, a qualquer momento, voc\u00ea n\u00e3o desejar aceitar o conte\u00fado desta p\u00e1gina, a isen\u00e7\u00e3o de responsabilidade ou ambos, dever\u00e1 interromper o acesso ou o link para este site.<br \/>Caso o uso deste site crie uma rela\u00e7\u00e3o jur\u00eddica entre as pessoas que acessam este site e a Best Vision, ela estar\u00e1 sujeita \u00e0 lei su\u00ed\u00e7a.<\/p><p><b>Pol\u00edtica de cookies nos sites BestVision\u00ae<\/b><\/p><p>A Best Vision utiliza cookies HTTP para simplificar a utiliza\u00e7\u00e3o dos seus sites na Internet. Esta declara\u00e7\u00e3o de pol\u00edtica visa inform\u00e1-lo sobre o uso de cookies em nossos sites da Internet.<\/p><p><b>O que s\u00e3o Cookies?<\/b><\/p><p>Cookies s\u00e3o pequenos dados enviados de um site e armazenados no navegador do usu\u00e1rio enquanto ele navega nesse site. Permitem recolher um conjunto de informa\u00e7\u00f5es com o objetivo de melhorar os servi\u00e7os acess\u00edveis atrav\u00e9s dos nossos sites da Internet.<\/p><p>Com esta informa\u00e7\u00e3o \u00e9 poss\u00edvel analisar o tr\u00e1fego nos nossos sites de internet (n\u00famero de visitas, endere\u00e7os IP, etc.).<\/p><p>Esta informa\u00e7\u00e3o \u00e9 recolhida quando visita o nosso site e permite-nos saber quais as partes das nossas p\u00e1ginas que interessam mais aos nossos visitantes do site. Assim podemos conhecer melhor as suas necessidades e melhorar o conte\u00fado do nosso site, fornecendo a informa\u00e7\u00e3o mais adequada.<\/p><p><b>Como gerenciar os cookies.<\/b><\/p><p>O procedimento a seguir para a parametriza\u00e7\u00e3o dos cookies depende do navegador de internet que utiliza.<br \/>Voc\u00ea mesmo pode decidir se nosso site est\u00e1 autorizado a usar cookies em seu computador. Voc\u00ea tem a op\u00e7\u00e3o, a qualquer momento, de determinar as op\u00e7\u00f5es do seu navegador de forma que nenhum cookie seja aceito e memorizado. Voc\u00ea tamb\u00e9m tem a possibilidade de exibir uma mensagem de aviso sempre que um cookie for aceito.<\/p><p><b>Posso recusar a utiliza\u00e7\u00e3o de cookies?<\/b><\/p><p>Voc\u00ea pode recusar permitir que nossos sites da Internet utilizem cookies quando voc\u00ea os visita.<\/p><p>No entanto, a utiliza\u00e7\u00e3o de determinadas fun\u00e7\u00f5es do nosso site pode ser limitada ou desativada se recusar os cookies do nosso site.<\/p>\t\t\t\t\t\t\t\t<\/div>\n\t\t\t\t<\/div>\n\t\t\t\t\t<\/div>\n\t\t\t\t<\/div>\n\t\t\t\t<\/div>\n\t\t","protected":false},"excerpt":{"rendered":"<p>Pol\u00edticas de privacidade POL\u00cdTICA DE DADOS Objeto: Informa\u00e7\u00e3o Nos termos do art. 13 do Regulamento (UE) 679\/2016 e legisla\u00e7\u00e3o de cada estado membro da UE.Nos termos do art. 13 do Regulamento da UE n.2016\/679 (doravante \u201cGDPR 2016\/679\u201d) e legisla\u00e7\u00e3o de cada Estado membro da UE (doravante \u201cC\u00f3digo de Privacidade\u201d), estabelecendo disposi\u00e7\u00f5es para a prote\u00e7\u00e3o de [&hellip;]<\/p>\n","protected":false},"author":1,"featured_media":0,"parent":0,"menu_order":0,"comment_status":"closed","ping_status":"closed","template":"","meta":{"footnotes":""},"class_list":["post-2192","page","type-page","status-publish","hentry"],"yoast_head":"<!-- This site is optimized with the Yoast SEO plugin v27.5 - https:\/\/yoast.com\/product\/yoast-seo-wordpress\/ -->\n<title>Pol\u00edticas de privacidade - Bestvision Italia<\/title>\n<meta name=\"robots\" content=\"index, follow, max-snippet:-1, max-image-preview:large, max-video-preview:-1\" \/>\n<link rel=\"canonical\" href=\"https:\/\/bestvision.it\/pt-pt\/privacy-policies\/\" \/>\n<meta property=\"og:locale\" content=\"pt_PT\" \/>\n<meta property=\"og:type\" content=\"article\" \/>\n<meta property=\"og:title\" content=\"Pol\u00edticas de privacidade - Bestvision Italia\" \/>\n<meta property=\"og:description\" content=\"Pol\u00edticas de privacidade POL\u00cdTICA DE DADOS Objeto: Informa\u00e7\u00e3o Nos termos do art. 13 do Regulamento (UE) 679\/2016 e legisla\u00e7\u00e3o de cada estado membro da UE.Nos termos do art. 13 do Regulamento da UE n.2016\/679 (doravante \u201cGDPR 2016\/679\u201d) e legisla\u00e7\u00e3o de cada Estado membro da UE (doravante \u201cC\u00f3digo de Privacidade\u201d), estabelecendo disposi\u00e7\u00f5es para a prote\u00e7\u00e3o de [&hellip;]\" \/>\n<meta property=\"og:url\" content=\"https:\/\/bestvision.it\/pt-pt\/privacy-policies\/\" \/>\n<meta property=\"og:site_name\" content=\"Bestvision Italia\" \/>\n<meta property=\"article:modified_time\" content=\"2023-10-07T15:44:51+00:00\" \/>\n<meta name=\"twitter:card\" content=\"summary_large_image\" \/>\n<meta name=\"twitter:label1\" content=\"Tempo estimado de leitura\" \/>\n\t<meta name=\"twitter:data1\" content=\"7 minutos\" \/>\n<script type=\"application\/ld+json\" class=\"yoast-schema-graph\">{\"@context\":\"https:\\\/\\\/schema.org\",\"@graph\":[{\"@type\":\"WebPage\",\"@id\":\"https:\\\/\\\/bestvision.it\\\/pt-pt\\\/privacy-policies\\\/\",\"url\":\"https:\\\/\\\/bestvision.it\\\/pt-pt\\\/privacy-policies\\\/\",\"name\":\"Pol\u00edticas de privacidade - Bestvision Italia\",\"isPartOf\":{\"@id\":\"https:\\\/\\\/bestvision.it\\\/pt-pt\\\/#website\"},\"datePublished\":\"2023-09-28T20:11:50+00:00\",\"dateModified\":\"2023-10-07T15:44:51+00:00\",\"breadcrumb\":{\"@id\":\"https:\\\/\\\/bestvision.it\\\/pt-pt\\\/privacy-policies\\\/#breadcrumb\"},\"inLanguage\":\"pt-PT\",\"potentialAction\":[{\"@type\":\"ReadAction\",\"target\":[\"https:\\\/\\\/bestvision.it\\\/pt-pt\\\/privacy-policies\\\/\"]}]},{\"@type\":\"BreadcrumbList\",\"@id\":\"https:\\\/\\\/bestvision.it\\\/pt-pt\\\/privacy-policies\\\/#breadcrumb\",\"itemListElement\":[{\"@type\":\"ListItem\",\"position\":1,\"name\":\"Home\",\"item\":\"https:\\\/\\\/bestvision.it\\\/pt-pt\\\/\"},{\"@type\":\"ListItem\",\"position\":2,\"name\":\"Pol\u00edticas de privacidade\"}]},{\"@type\":\"WebSite\",\"@id\":\"https:\\\/\\\/bestvision.it\\\/pt-pt\\\/#website\",\"url\":\"https:\\\/\\\/bestvision.it\\\/pt-pt\\\/\",\"name\":\"Bestvision Italia\",\"description\":\"Leader in Innovation and Excellence in Industry and Manufacturing in Italy\",\"publisher\":{\"@id\":\"https:\\\/\\\/bestvision.it\\\/pt-pt\\\/#organization\"},\"potentialAction\":[{\"@type\":\"SearchAction\",\"target\":{\"@type\":\"EntryPoint\",\"urlTemplate\":\"https:\\\/\\\/bestvision.it\\\/pt-pt\\\/?s={search_term_string}\"},\"query-input\":{\"@type\":\"PropertyValueSpecification\",\"valueRequired\":true,\"valueName\":\"search_term_string\"}}],\"inLanguage\":\"pt-PT\"},{\"@type\":\"Organization\",\"@id\":\"https:\\\/\\\/bestvision.it\\\/pt-pt\\\/#organization\",\"name\":\"Bestvision Italia\",\"url\":\"https:\\\/\\\/bestvision.it\\\/pt-pt\\\/\",\"logo\":{\"@type\":\"ImageObject\",\"inLanguage\":\"pt-PT\",\"@id\":\"https:\\\/\\\/bestvision.it\\\/pt-pt\\\/#\\\/schema\\\/logo\\\/image\\\/\",\"url\":\"https:\\\/\\\/bestvision.it\\\/wp-content\\\/uploads\\\/2023\\\/09\\\/cropped-logo-hd-1.png\",\"contentUrl\":\"https:\\\/\\\/bestvision.it\\\/wp-content\\\/uploads\\\/2023\\\/09\\\/cropped-logo-hd-1.png\",\"width\":568,\"height\":562,\"caption\":\"Bestvision Italia\"},\"image\":{\"@id\":\"https:\\\/\\\/bestvision.it\\\/pt-pt\\\/#\\\/schema\\\/logo\\\/image\\\/\"}}]}<\/script>\n<!-- \/ Yoast SEO plugin. -->","yoast_head_json":{"title":"Pol\u00edticas de privacidade - Bestvision Italia","robots":{"index":"index","follow":"follow","max-snippet":"max-snippet:-1","max-image-preview":"max-image-preview:large","max-video-preview":"max-video-preview:-1"},"canonical":"https:\/\/bestvision.it\/pt-pt\/privacy-policies\/","og_locale":"pt_PT","og_type":"article","og_title":"Pol\u00edticas de privacidade - Bestvision Italia","og_description":"Pol\u00edticas de privacidade POL\u00cdTICA DE DADOS Objeto: Informa\u00e7\u00e3o Nos termos do art. 13 do Regulamento (UE) 679\/2016 e legisla\u00e7\u00e3o de cada estado membro da UE.Nos termos do art. 13 do Regulamento da UE n.2016\/679 (doravante \u201cGDPR 2016\/679\u201d) e legisla\u00e7\u00e3o de cada Estado membro da UE (doravante \u201cC\u00f3digo de Privacidade\u201d), estabelecendo disposi\u00e7\u00f5es para a prote\u00e7\u00e3o de [&hellip;]","og_url":"https:\/\/bestvision.it\/pt-pt\/privacy-policies\/","og_site_name":"Bestvision Italia","article_modified_time":"2023-10-07T15:44:51+00:00","twitter_card":"summary_large_image","twitter_misc":{"Tempo estimado de leitura":"7 minutos"},"schema":{"@context":"https:\/\/schema.org","@graph":[{"@type":"WebPage","@id":"https:\/\/bestvision.it\/pt-pt\/privacy-policies\/","url":"https:\/\/bestvision.it\/pt-pt\/privacy-policies\/","name":"Pol\u00edticas de privacidade - Bestvision Italia","isPartOf":{"@id":"https:\/\/bestvision.it\/pt-pt\/#website"},"datePublished":"2023-09-28T20:11:50+00:00","dateModified":"2023-10-07T15:44:51+00:00","breadcrumb":{"@id":"https:\/\/bestvision.it\/pt-pt\/privacy-policies\/#breadcrumb"},"inLanguage":"pt-PT","potentialAction":[{"@type":"ReadAction","target":["https:\/\/bestvision.it\/pt-pt\/privacy-policies\/"]}]},{"@type":"BreadcrumbList","@id":"https:\/\/bestvision.it\/pt-pt\/privacy-policies\/#breadcrumb","itemListElement":[{"@type":"ListItem","position":1,"name":"Home","item":"https:\/\/bestvision.it\/pt-pt\/"},{"@type":"ListItem","position":2,"name":"Pol\u00edticas de privacidade"}]},{"@type":"WebSite","@id":"https:\/\/bestvision.it\/pt-pt\/#website","url":"https:\/\/bestvision.it\/pt-pt\/","name":"Bestvision Italia","description":"Leader in Innovation and Excellence in Industry and Manufacturing in Italy","publisher":{"@id":"https:\/\/bestvision.it\/pt-pt\/#organization"},"potentialAction":[{"@type":"SearchAction","target":{"@type":"EntryPoint","urlTemplate":"https:\/\/bestvision.it\/pt-pt\/?s={search_term_string}"},"query-input":{"@type":"PropertyValueSpecification","valueRequired":true,"valueName":"search_term_string"}}],"inLanguage":"pt-PT"},{"@type":"Organization","@id":"https:\/\/bestvision.it\/pt-pt\/#organization","name":"Bestvision Italia","url":"https:\/\/bestvision.it\/pt-pt\/","logo":{"@type":"ImageObject","inLanguage":"pt-PT","@id":"https:\/\/bestvision.it\/pt-pt\/#\/schema\/logo\/image\/","url":"https:\/\/bestvision.it\/wp-content\/uploads\/2023\/09\/cropped-logo-hd-1.png","contentUrl":"https:\/\/bestvision.it\/wp-content\/uploads\/2023\/09\/cropped-logo-hd-1.png","width":568,"height":562,"caption":"Bestvision Italia"},"image":{"@id":"https:\/\/bestvision.it\/pt-pt\/#\/schema\/logo\/image\/"}}]}},"_links":{"self":[{"href":"https:\/\/bestvision.it\/pt-pt\/wp-json\/wp\/v2\/pages\/2192","targetHints":{"allow":["GET"]}}],"collection":[{"href":"https:\/\/bestvision.it\/pt-pt\/wp-json\/wp\/v2\/pages"}],"about":[{"href":"https:\/\/bestvision.it\/pt-pt\/wp-json\/wp\/v2\/types\/page"}],"author":[{"embeddable":true,"href":"https:\/\/bestvision.it\/pt-pt\/wp-json\/wp\/v2\/users\/1"}],"replies":[{"embeddable":true,"href":"https:\/\/bestvision.it\/pt-pt\/wp-json\/wp\/v2\/comments?post=2192"}],"version-history":[{"count":5,"href":"https:\/\/bestvision.it\/pt-pt\/wp-json\/wp\/v2\/pages\/2192\/revisions"}],"predecessor-version":[{"id":2212,"href":"https:\/\/bestvision.it\/pt-pt\/wp-json\/wp\/v2\/pages\/2192\/revisions\/2212"}],"wp:attachment":[{"href":"https:\/\/bestvision.it\/pt-pt\/wp-json\/wp\/v2\/media?parent=2192"}],"curies":[{"name":"wp","href":"https:\/\/api.w.org\/{rel}","templated":true}]}}